{"id":1234,"date":"2023-03-14T14:57:53","date_gmt":"2023-03-14T13:57:53","guid":{"rendered":"https:\/\/ironbridge-advisors.de\/?page_id=1234"},"modified":"2023-04-25T18:15:20","modified_gmt":"2023-04-25T16:15:20","slug":"soziales-engagement-2","status":"publish","type":"page","link":"https:\/\/ironbridge-advisors.de\/en\/soziales-engagement-2\/","title":{"rendered":"Soziales &#038; Bildung &#8211; Unser Engagement f\u00fcr die Zukunft des Landes"},"content":{"rendered":"<style>.kb-row-layout-id_5f1b9f-31 > .kt-row-column-wrap{align-content:start;}:where(.kb-row-layout-id_5f1b9f-31 > .kt-row-column-wrap) > .wp-block-kadence-column{justify-content:start;}.kb-row-layout-id_5f1b9f-31 > .kt-row-column-wrap{column-gap:var(--global-kb-gap-md, 2rem);row-gap:var(--global-kb-gap-md, 2rem);padding-top:var(--global-kb-spacing-4xl, 8rem);padding-bottom:var(--global-kb-spacing-5xl, 10rem);grid-template-columns:minmax(0, 1fr);}.kb-row-layout-id_5f1b9f-31{background-image:url('https:\/\/ironbridge-advisors.de\/wp-content\/uploads\/2023\/04\/Kinder_froehlich_komp-2-scaled.jpg');background-size:cover;background-position:center center;background-attachment:scroll;background-repeat:no-repeat;}.kb-row-layout-id_5f1b9f-31 > .kt-row-layout-overlay{opacity:0.30;}@media all and (max-width: 1024px){.kb-row-layout-id_5f1b9f-31 > .kt-row-column-wrap{grid-template-columns:minmax(0, 1fr);}}@media all and (max-width: 767px){.kb-row-layout-id_5f1b9f-31 > .kt-row-column-wrap{grid-template-columns:minmax(0, 1fr);}}<\/style><div class=\"kb-row-layout-wrap kb-row-layout-id_5f1b9f-31 alignnone kt-row-has-bg wp-block-kadence-rowlayout\"><div class=\"kt-row-column-wrap kt-has-1-columns kt-row-layout-equal kt-tab-layout-inherit kt-mobile-layout-row kt-row-valign-top\">\n<style>.kadence-column_a00fa3-62 > .kt-inside-inner-col{padding-right:100px;padding-left:100px;}.kadence-column_a00fa3-62 > .kt-inside-inner-col,.kadence-column_a00fa3-62 > .kt-inside-inner-col:before{border-top-left-radius:0px;border-top-right-radius:0px;border-bottom-right-radius:0px;border-bottom-left-radius:0px;}.kadence-column_a00fa3-62 > .kt-inside-inner-col{column-gap:var(--global-kb-gap-sm, 1rem);}.kadence-column_a00fa3-62 > .kt-inside-inner-col{flex-direction:column;}.kadence-column_a00fa3-62 > .kt-inside-inner-col > .aligncenter{width:100%;}.kadence-column_a00fa3-62 > .kt-inside-inner-col:before{opacity:0.3;}.kadence-column_a00fa3-62{position:relative;}@media all and (max-width: 1024px){.kadence-column_a00fa3-62 > .kt-inside-inner-col{flex-direction:column;justify-content:center;}}@media all and (max-width: 767px){.kadence-column_a00fa3-62 > .kt-inside-inner-col{padding-right:0px;padding-left:0px;flex-direction:column;justify-content:center;}.kadence-column_a00fa3-62, .kt-inside-inner-col > .kadence-column_a00fa3-62:not(.specificity){margin-right:-10px;margin-left:-16px;}}<\/style>\n<div class=\"wp-block-kadence-column kadence-column_a00fa3-62\"><div class=\"kt-inside-inner-col\"><style>.wp-block-kadence-advancedheading.kt-adv-heading_77572d-bc, .wp-block-kadence-advancedheading.kt-adv-heading_77572d-bc[data-kb-block=\"kb-adv-heading_77572d-bc\"]{padding-right:100px;padding-left:100px;margin-right:0px;text-align:center;font-size:45px;font-style:normal;background-color:rgba(255,255,255,0.38);}.wp-block-kadence-advancedheading.kt-adv-heading_77572d-bc mark.kt-highlight, .wp-block-kadence-advancedheading.kt-adv-heading_77572d-bc[data-kb-block=\"kb-adv-heading_77572d-bc\"] mark.kt-highlight{font-style:normal;color:#f76a0c;-webkit-box-decoration-break:clone;box-decoration-break:clone;padding-top:0px;padding-right:0px;padding-bottom:0px;padding-left:0px;}.wp-block-kadence-advancedheading.kt-adv-heading_77572d-bc img.kb-inline-image, .wp-block-kadence-advancedheading.kt-adv-heading_77572d-bc[data-kb-block=\"kb-adv-heading_77572d-bc\"] img.kb-inline-image{width:150px;vertical-align:baseline;}@media all and (max-width: 767px){.wp-block-kadence-advancedheading.kt-adv-heading_77572d-bc, .wp-block-kadence-advancedheading.kt-adv-heading_77572d-bc[data-kb-block=\"kb-adv-heading_77572d-bc\"]{padding-right:0px;padding-left:0px;margin-right:0px;margin-left:0px;font-size:27px;line-height:0.1;}}<\/style>\n<h1 class=\"kt-adv-heading_77572d-bc wp-block-kadence-advancedheading has-theme-palette-9-color has-text-color\" data-kb-block=\"kb-adv-heading_77572d-bc\">Soziales &amp; Bildung<\/h1>\n<\/div><\/div>\n\n<\/div><\/div>\n\n\n<p><\/p>\n\n\n<style>.wp-block-kadence-advancedheading.kt-adv-heading_982135-f4, .wp-block-kadence-advancedheading.kt-adv-heading_982135-f4[data-kb-block=\"kb-adv-heading_982135-f4\"]{font-style:normal;}.wp-block-kadence-advancedheading.kt-adv-heading_982135-f4 mark.kt-highlight, .wp-block-kadence-advancedheading.kt-adv-heading_982135-f4[data-kb-block=\"kb-adv-heading_982135-f4\"] mark.kt-highlight{font-style:normal;color:#f76a0c;-webkit-box-decoration-break:clone;box-decoration-break:clone;padding-top:0px;padding-right:0px;padding-bottom:0px;padding-left:0px;}.wp-block-kadence-advancedheading.kt-adv-heading_982135-f4 img.kb-inline-image, .wp-block-kadence-advancedheading.kt-adv-heading_982135-f4[data-kb-block=\"kb-adv-heading_982135-f4\"] img.kb-inline-image{width:150px;vertical-align:baseline;}<\/style>\n<p class=\"kt-adv-heading_982135-f4 wp-block-kadence-advancedheading\" data-kb-block=\"kb-adv-heading_982135-f4\">Leider ist in Deutschland die Auswahl an sozialen, f\u00f6rderungsw\u00fcrdigen Projekten viel zu gro\u00df. Das Ausma\u00df in dem, in einem der reichsten L\u00e4nder der Welt, Teile der Bev\u00f6lkerung von sozialer Unterst\u00fctzung abh\u00e4ngig sind, ist eine Schande. Wir haben uns entschieden einer der schw\u00e4chsten, aber auch wichtigsten Gruppen in unserem Land zu unterst\u00fctzen. So banal es klingt: Kinder sind die Zukunft unseres Landes! Deutschland ist ein Land dessen einziger Rohstoff seine Bev\u00f6lkerung ist. Ein Land dessen \u00f6konomisches und damit auch soziales Wohlergehen im Wesentlichen von der Ausbildung seiner Bev\u00f6lkerung abh\u00e4ngt, kann und soll es sich nicht leisten, dass Kinder aus sozial benachteiligten Familien, keinen oder nur unzureichenden Zugang zu Bildung bekommen. <\/p>\n\n\n<style>.wp-block-kadence-advancedheading.kt-adv-heading_f6518d-12, .wp-block-kadence-advancedheading.kt-adv-heading_f6518d-12[data-kb-block=\"kb-adv-heading_f6518d-12\"]{font-style:normal;}.wp-block-kadence-advancedheading.kt-adv-heading_f6518d-12 mark.kt-highlight, .wp-block-kadence-advancedheading.kt-adv-heading_f6518d-12[data-kb-block=\"kb-adv-heading_f6518d-12\"] mark.kt-highlight{font-style:normal;color:#f76a0c;-webkit-box-decoration-break:clone;box-decoration-break:clone;padding-top:0px;padding-right:0px;padding-bottom:0px;padding-left:0px;}.wp-block-kadence-advancedheading.kt-adv-heading_f6518d-12 img.kb-inline-image, .wp-block-kadence-advancedheading.kt-adv-heading_f6518d-12[data-kb-block=\"kb-adv-heading_f6518d-12\"] img.kb-inline-image{width:150px;vertical-align:baseline;}<\/style>\n<p class=\"kt-adv-heading_f6518d-12 wp-block-kadence-advancedheading\" data-kb-block=\"kb-adv-heading_f6518d-12\">Eigentlich sollte es in Deutschland selbstverst\u00e4ndlich sein, dass Kinder Fr\u00fchst\u00fcck, Mittag- und Abendessen in ausreichender Menge und Qualit\u00e4t bekommen. Ist es aber leider nicht! Daher haben wir uns entschieden ein Projekt zu unterst\u00fctzen, dass Kindern kostenfreie und gesunde Mahlzeiten in sicherer und beh\u00fcteter Atmosph\u00e4re anbietet. Die <a href=\"https:\/\/www.stiftung-mittagskinder.de\/\">Stiftung Mittagskinder <\/a>versorgt Kinder in zwei Kindertreffs mit zwei Hauptmahlzeiten und sozialp\u00e4dagogischer Betreuung. Zus\u00e4tzlich erhalten die Kinder Hausaufgabenbetreuung und k\u00f6nnen an verschiedenen Spiel-, Sport- und Bildungsangeboten teilnehmen.   <\/p>\n\n\n\n<blockquote class=\"wp-block-quote is-style-default is-layout-flow wp-block-quote-is-layout-flow\">\n<p class=\"has-theme-palette-2-color has-text-color\">Schon meinem<a href=\"https:\/\/de.wikipedia.org\/wiki\/Michael_Jungblut\"> Vater <\/a>war die F\u00f6rderung sozial benachteiligter Kinder und Jugendlichen eine Herzensangelegenheit. Vor allem die Bek\u00e4mpfung von Jugendarbeitslosigkeit war im ein Anliegen, dem er sich gewidmet hat. Insofern wurde ich, selbst wohlbeh\u00fctet aufgewachsen, fr\u00fch f\u00fcr das Thema sensibilisiert. Ich w\u00fcrde mich freuen, wenn wir mit unserem Engagement ebenfalls ein wenig dazu beitragen k\u00f6nnten, dass &#8222;Keiner drau\u00dfen bleiben muss&#8220;.  <\/p>\n<cite>Eric Jungblut<\/cite><\/blockquote>\n\n\n<style>.kb-row-layout-id_3fb2c2-3a > .kt-row-column-wrap{align-content:center;}:where(.kb-row-layout-id_3fb2c2-3a > .kt-row-column-wrap) > .wp-block-kadence-column{justify-content:center;}.kb-row-layout-id_3fb2c2-3a > .kt-row-column-wrap{column-gap:40px;row-gap:var(--global-kb-gap-md, 2rem);max-width:1120px;margin-left:auto;margin-right:auto;padding-top:60px;padding-bottom:200px;grid-template-columns:minmax(0, calc(65% - ((40px * 1 )\/2)))minmax(0, calc(35% - ((40px * 1 )\/2)));}.kb-row-layout-id_3fb2c2-3a > .kt-row-layout-overlay{opacity:0.30;}.kb-row-layout-id_3fb2c2-3a .kt-row-layout-bottom-sep{height:120px;}.kb-row-layout-id_3fb2c2-3a .kt-row-layout-bottom-sep svg{width:100%;}.kb-row-layout-id_3fb2c2-3a .kt-row-layout-bottom-sep svg{fill:#ffffff!important;}@media all and (max-width: 1024px){.kb-row-layout-id_3fb2c2-3a > .kt-row-column-wrap{grid-template-columns:minmax(0, 2fr) minmax(0, 1fr);}}@media all and (max-width: 1024px){.kb-row-layout-id_3fb2c2-3a .kt-row-layout-bottom-sep{height:px;}}@media all and (max-width: 1024px){.kb-row-layout-id_3fb2c2-3a .kt-row-layout-bottom-sep svg{width:%;}}@media all and (max-width: 767px){.kb-row-layout-id_3fb2c2-3a > .kt-row-column-wrap{grid-template-columns:minmax(0, 1fr);}.kb-row-layout-id_3fb2c2-3a .kt-row-layout-bottom-sep{height:px;}.kb-row-layout-id_3fb2c2-3a .kt-row-layout-bottom-sep svg{width:%;}}<\/style><div class=\"kb-row-layout-wrap kb-row-layout-id_3fb2c2-3a alignfull has-theme-palette1-background-color kt-row-has-bg wp-block-kadence-rowlayout\"><div class=\"kt-row-layout-bottom-sep kt-row-sep-type-mtns\"><svg viewBox=\"0 0 1000 100\" preserveAspectRatio=\"none\"><path d=\"M1000,50l-182.69,-45.286l-292.031,61.197l-190.875,-41.075l-143.748,28.794l-190.656,-23.63l0,70l1000,0l0,-50Z\" style=\"opacity: 0.4\" \/><path d=\"M1000,57l-152.781,-22.589l-214.383,19.81l-159.318,-21.471l-177.44,25.875l-192.722,5.627l-103.356,-27.275l0,63.023l1000,0l0,-43Z\" \/><\/svg><\/div><div class=\"kt-row-column-wrap kt-has-2-columns kt-row-layout-left-golden kt-tab-layout-inherit kt-mobile-layout-row kt-row-valign-middle\">\n<style>.kadence-column_1f67a8-fe > .kt-inside-inner-col,.kadence-column_1f67a8-fe > .kt-inside-inner-col:before{border-top-left-radius:0px;border-top-right-radius:0px;border-bottom-right-radius:0px;border-bottom-left-radius:0px;}.kadence-column_1f67a8-fe > .kt-inside-inner-col{column-gap:var(--global-kb-gap-sm, 1rem);}.kadence-column_1f67a8-fe > .kt-inside-inner-col{flex-direction:column;}.kadence-column_1f67a8-fe > .kt-inside-inner-col > .aligncenter{width:100%;}.kadence-column_1f67a8-fe > .kt-inside-inner-col:before{opacity:0.3;}.kadence-column_1f67a8-fe{position:relative;}@media all and (max-width: 1024px){.kadence-column_1f67a8-fe > .kt-inside-inner-col{flex-direction:column;justify-content:center;}}@media all and (max-width: 767px){.kadence-column_1f67a8-fe > .kt-inside-inner-col{flex-direction:column;justify-content:center;}}<\/style>\n<div class=\"wp-block-kadence-column kadence-column_1f67a8-fe inner-column-1\"><div class=\"kt-inside-inner-col\">\n<h3 class=\"wp-block-heading has-xl-font-size has-theme-palette-2-color has-text-color\">Stiftung Mittagskinder<\/h3>\n\n\n\n<p>Die Stiftung Mittagskinder betreibt in meiner Geburtsstadt Hamburg zwei Kindertreffs. Hier erhalten Kindern aus sozialen Brennpunkten kostenlose, gesunde Mahlzeiten, Hausgabenhilfe, sozialp\u00e4dagogische Betreuung, aber auch ganz einfach einen sicheren Raum um Kind zu sein. In 2004 gegr\u00fcndet, m\u00f6chte die Stiftung sozial benachteiligten Kindern helfen, einen besseren Start ins Leben zu bekommen.   <\/p>\n\n\n<style>.wp-block-kadence-advancedbtn.kb-btns_5a0089-a5{gap:var(--global-kb-gap-xs, 0.5rem );justify-content:flex-start;align-items:center;}.kt-btns_5a0089-a5 .kt-button{font-weight:normal;font-style:normal;}<\/style>\n<div class=\"wp-block-kadence-advancedbtn kb-buttons-wrap kb-btns_5a0089-a5\"><style>ul.menu .wp-block-kadence-advancedbtn .kb-btn_93e3d3-66.kb-button{width:initial;}.wp-block-kadence-advancedbtn .kb-btn_93e3d3-66.kb-button{color:#ffffff;background:#00b5e2;font-size:18px;font-family:Montserrat;font-weight:500;border-top-left-radius:3px;border-top-right-radius:3px;border-bottom-right-radius:3px;border-bottom-left-radius:3px;border-top:2px solid #00b5e2;border-right:2px solid #00b5e2;border-bottom:2px solid #00b5e2;border-left:2px solid #00b5e2;}.wp-block-kadence-advancedbtn .kb-btn_93e3d3-66.kb-button:hover, .wp-block-kadence-advancedbtn .kb-btn_93e3d3-66.kb-button:focus{color:#ffffff;background:#31c7ec;border-top-color:#31c7ec;border-top-style:solid;border-right-color:#31c7ec;border-right-style:solid;border-bottom-color:#31c7ec;border-bottom-style:solid;border-left-color:#31c7ec;border-left-style:solid;}@media all and (max-width: 1024px){.wp-block-kadence-advancedbtn .kb-btn_93e3d3-66.kb-button{border-top:2px solid #00b5e2;border-right:2px solid #00b5e2;border-bottom:2px solid #00b5e2;border-left:2px solid #00b5e2;}}@media all and (max-width: 1024px){.wp-block-kadence-advancedbtn .kb-btn_93e3d3-66.kb-button:hover, .wp-block-kadence-advancedbtn .kb-btn_93e3d3-66.kb-button:focus{border-top-color:#31c7ec;border-top-style:solid;border-right-color:#31c7ec;border-right-style:solid;border-bottom-color:#31c7ec;border-bottom-style:solid;border-left-color:#31c7ec;border-left-style:solid;}}@media all and (max-width: 767px){.wp-block-kadence-advancedbtn .kb-btn_93e3d3-66.kb-button{border-top:2px solid #00b5e2;border-right:2px solid #00b5e2;border-bottom:2px solid #00b5e2;border-left:2px solid #00b5e2;}.wp-block-kadence-advancedbtn .kb-btn_93e3d3-66.kb-button:hover, .wp-block-kadence-advancedbtn .kb-btn_93e3d3-66.kb-button:focus{border-top-color:#31c7ec;border-top-style:solid;border-right-color:#31c7ec;border-right-style:solid;border-bottom-color:#31c7ec;border-bottom-style:solid;border-left-color:#31c7ec;border-left-style:solid;}}<\/style><a class=\"kb-button kt-button button kb-btn_93e3d3-66 kt-btn-size-standard kt-btn-width-type-auto kb-btn-global-outline  kt-btn-has-text-true kt-btn-has-svg-false  wp-block-kadence-singlebtn\" href=\"https:\/\/www.stiftung-mittagskinder.de\/spende\/spenden\"><span class=\"kt-btn-inner-text\">Spenden<\/span><\/a>\n\n<style>ul.menu .wp-block-kadence-advancedbtn .kb-btn_25ced9-8d.kb-button{width:initial;}.wp-block-kadence-advancedbtn .kb-btn_25ced9-8d.kb-button{color:#ffffff;background:#abb8c3;font-size:18px;font-family:Montserrat;font-weight:500;border-top-left-radius:3px;border-top-right-radius:3px;border-bottom-right-radius:3px;border-bottom-left-radius:3px;border-top:2px solid #abb8c3;border-right:2px solid #abb8c3;border-bottom:2px solid #abb8c3;border-left:2px solid #abb8c3;}.wp-block-kadence-advancedbtn .kb-btn_25ced9-8d.kb-button:hover, .wp-block-kadence-advancedbtn .kb-btn_25ced9-8d.kb-button:focus{color:#ffffff;background:#313131;border-top-color:#313131;border-top-style:solid;border-right-color:#313131;border-right-style:solid;border-bottom-color:#313131;border-bottom-style:solid;border-left-color:#313131;border-left-style:solid;}@media all and (max-width: 1024px){.wp-block-kadence-advancedbtn .kb-btn_25ced9-8d.kb-button{border-top:2px solid #abb8c3;border-right:2px solid #abb8c3;border-bottom:2px solid #abb8c3;border-left:2px solid #abb8c3;}}@media all and (max-width: 1024px){.wp-block-kadence-advancedbtn .kb-btn_25ced9-8d.kb-button:hover, .wp-block-kadence-advancedbtn .kb-btn_25ced9-8d.kb-button:focus{border-top-color:#313131;border-top-style:solid;border-right-color:#313131;border-right-style:solid;border-bottom-color:#313131;border-bottom-style:solid;border-left-color:#313131;border-left-style:solid;}}@media all and (max-width: 767px){.wp-block-kadence-advancedbtn .kb-btn_25ced9-8d.kb-button{border-top:2px solid #abb8c3;border-right:2px solid #abb8c3;border-bottom:2px solid #abb8c3;border-left:2px solid #abb8c3;}.wp-block-kadence-advancedbtn .kb-btn_25ced9-8d.kb-button:hover, .wp-block-kadence-advancedbtn .kb-btn_25ced9-8d.kb-button:focus{border-top-color:#313131;border-top-style:solid;border-right-color:#313131;border-right-style:solid;border-bottom-color:#313131;border-bottom-style:solid;border-left-color:#313131;border-left-style:solid;}}<\/style><a class=\"kb-button kt-button button kb-btn_25ced9-8d kt-btn-size-standard kt-btn-width-type-auto kb-btn-global-outline  kt-btn-has-text-true kt-btn-has-svg-false  wp-block-kadence-singlebtn\" href=\"https:\/\/www.stiftung-mittagskinder.de\/\" target=\"_blank\" rel=\"noreferrer noopener\"><span class=\"kt-btn-inner-text\">Mehr erfahren<\/span><\/a><\/div>\n<\/div><\/div>\n\n\n<style>.kadence-column_514ad4-65 > .kt-inside-inner-col,.kadence-column_514ad4-65 > .kt-inside-inner-col:before{border-top-left-radius:0px;border-top-right-radius:0px;border-bottom-right-radius:0px;border-bottom-left-radius:0px;}.kadence-column_514ad4-65 > .kt-inside-inner-col{column-gap:var(--global-kb-gap-sm, 1rem);}.kadence-column_514ad4-65 > .kt-inside-inner-col{flex-direction:column;}.kadence-column_514ad4-65 > .kt-inside-inner-col > .aligncenter{width:100%;}.kadence-column_514ad4-65 > .kt-inside-inner-col:before{opacity:0.3;}.kadence-column_514ad4-65{position:relative;}@media all and (max-width: 1024px){.kadence-column_514ad4-65 > .kt-inside-inner-col{flex-direction:column;justify-content:center;}}@media all and (max-width: 767px){.kadence-column_514ad4-65 > .kt-inside-inner-col{flex-direction:column;justify-content:center;}}<\/style>\n<div class=\"wp-block-kadence-column kadence-column_514ad4-65 inner-column-2\"><div class=\"kt-inside-inner-col\">\n<figure class=\"wp-block-image size-large\"><img loading=\"lazy\" decoding=\"async\" width=\"1024\" height=\"683\" src=\"https:\/\/ironbridge-advisors.de\/wp-content\/uploads\/2023\/04\/Kinder-Essen_komp-1024x683.jpg\" alt=\"\" class=\"wp-image-2280\" srcset=\"https:\/\/ironbridge-advisors.de\/wp-content\/uploads\/2023\/04\/Kinder-Essen_komp-1024x683.jpg 1024w, https:\/\/ironbridge-advisors.de\/wp-content\/uploads\/2023\/04\/Kinder-Essen_komp-300x200.jpg 300w, https:\/\/ironbridge-advisors.de\/wp-content\/uploads\/2023\/04\/Kinder-Essen_komp-768x512.jpg 768w, https:\/\/ironbridge-advisors.de\/wp-content\/uploads\/2023\/04\/Kinder-Essen_komp-1536x1024.jpg 1536w, https:\/\/ironbridge-advisors.de\/wp-content\/uploads\/2023\/04\/Kinder-Essen_komp-2048x1365.jpg 2048w, https:\/\/ironbridge-advisors.de\/wp-content\/uploads\/2023\/04\/Kinder-Essen_komp-18x12.jpg 18w\" sizes=\"auto, (max-width: 1024px) 100vw, 1024px\" \/><\/figure>\n<\/div><\/div>\n\n<\/div><\/div>\n\n\n<div style=\"height:100px\" aria-hidden=\"true\" class=\"wp-block-spacer\"><\/div>\n\n\n<style>.kb-row-layout-id_102896-24 > .kt-row-column-wrap{align-content:start;}:where(.kb-row-layout-id_102896-24 > .kt-row-column-wrap) > .wp-block-kadence-column{justify-content:start;}.kb-row-layout-id_102896-24 > .kt-row-column-wrap{column-gap:var(--global-kb-gap-md, 2rem);row-gap:var(--global-kb-gap-md, 2rem);padding-top:var(--global-kb-spacing-5xl, 10rem);padding-bottom:var(--global-kb-spacing-5xl, 10rem);grid-template-columns:minmax(0, 1fr);}.kb-row-layout-id_102896-24{background-color:rgba(35,41,32,0.5);background-image:url('https:\/\/ironbridge-advisors.de\/wp-content\/uploads\/2023\/04\/Starke-Kinder_komp-scaled.jpg');background-size:cover;background-position:49% 33%;background-attachment:scroll;background-repeat:no-repeat;}.kb-row-layout-id_102896-24 > .kt-row-layout-overlay{opacity:0.30;}@media all and (max-width: 1024px){.kb-row-layout-id_102896-24 > .kt-row-column-wrap{grid-template-columns:minmax(0, 1fr);}}@media all and (max-width: 767px){.kb-row-layout-id_102896-24 > .kt-row-column-wrap{grid-template-columns:minmax(0, 1fr);}}<\/style><div class=\"kb-row-layout-wrap kb-row-layout-id_102896-24 alignfull kt-row-has-bg wp-block-kadence-rowlayout\"><div class=\"kt-row-column-wrap kt-has-1-columns kt-row-layout-equal kt-tab-layout-inherit kt-mobile-layout-row kt-row-valign-top\">\n<style>.kadence-column_a55916-c8 > .kt-inside-inner-col,.kadence-column_a55916-c8 > .kt-inside-inner-col:before{border-top-left-radius:0px;border-top-right-radius:0px;border-bottom-right-radius:0px;border-bottom-left-radius:0px;}.kadence-column_a55916-c8 > .kt-inside-inner-col{column-gap:var(--global-kb-gap-sm, 1rem);}.kadence-column_a55916-c8 > .kt-inside-inner-col{flex-direction:column;}.kadence-column_a55916-c8 > .kt-inside-inner-col > .aligncenter{width:100%;}.kadence-column_a55916-c8 > .kt-inside-inner-col{background-color:rgba(51, 61, 45, 0.07);}.kadence-column_a55916-c8 > .kt-inside-inner-col:before{opacity:0.3;}.kadence-column_a55916-c8{position:relative;}.kadence-column_a55916-c8, .kt-inside-inner-col > .kadence-column_a55916-c8:not(.specificity){margin-right:var(--global-kb-spacing-5xl, 10rem);margin-left:var(--global-kb-spacing-5xl, 10rem);}@media all and (max-width: 1024px){.kadence-column_a55916-c8 > .kt-inside-inner-col{flex-direction:column;justify-content:center;}}@media all and (max-width: 767px){.kadence-column_a55916-c8 > .kt-inside-inner-col{flex-direction:column;justify-content:center;}.kadence-column_a55916-c8, .kt-inside-inner-col > .kadence-column_a55916-c8:not(.specificity){margin-right:0px;margin-left:0px;}}<\/style>\n<div class=\"wp-block-kadence-column kadence-column_a55916-c8\"><div class=\"kt-inside-inner-col\"><style>.wp-block-kadence-advancedheading.kt-adv-heading_036e87-d2, .wp-block-kadence-advancedheading.kt-adv-heading_036e87-d2[data-kb-block=\"kb-adv-heading_036e87-d2\"]{padding-right:var(--global-kb-spacing-4xl, 8rem);padding-left:var(--global-kb-spacing-4xl, 8rem);margin-right:var(--global-kb-spacing-3xl, 6.5rem);margin-left:var(--global-kb-spacing-3xl, 6.5rem);text-align:center;font-size:45px;font-style:normal;text-transform:none;background-color:rgba(255,255,255,0.09);}.wp-block-kadence-advancedheading.kt-adv-heading_036e87-d2 mark.kt-highlight, .wp-block-kadence-advancedheading.kt-adv-heading_036e87-d2[data-kb-block=\"kb-adv-heading_036e87-d2\"] mark.kt-highlight{font-style:normal;color:#f76a0c;-webkit-box-decoration-break:clone;box-decoration-break:clone;padding-top:0px;padding-right:0px;padding-bottom:0px;padding-left:0px;}.wp-block-kadence-advancedheading.kt-adv-heading_036e87-d2 img.kb-inline-image, .wp-block-kadence-advancedheading.kt-adv-heading_036e87-d2[data-kb-block=\"kb-adv-heading_036e87-d2\"] img.kb-inline-image{width:150px;vertical-align:baseline;}@media all and (max-width: 767px){.wp-block-kadence-advancedheading.kt-adv-heading_036e87-d2, .wp-block-kadence-advancedheading.kt-adv-heading_036e87-d2[data-kb-block=\"kb-adv-heading_036e87-d2\"]{padding-right:66px;padding-left:66px;margin-right:-108px;margin-left:-100px;font-size:27px;}}<\/style>\n<h1 class=\"kt-adv-heading_036e87-d2 wp-block-kadence-advancedheading has-theme-palette-9-color has-text-color\" data-kb-block=\"kb-adv-heading_036e87-d2\">Starke &amp; selbstbewusste <br>Kinder<\/h1>\n\n\n\n<div style=\"height:100px\" aria-hidden=\"true\" class=\"wp-block-spacer\"><\/div>\n<\/div><\/div>\n\n<\/div><\/div>","protected":false},"excerpt":{"rendered":"<p>Soziales &amp; Bildung Leider ist in Deutschland die Auswahl an sozialen, f\u00f6rderungsw\u00fcrdigen Projekten viel zu gro\u00df. Das Ausma\u00df in dem, in einem der reichsten L\u00e4nder der Welt, Teile der Bev\u00f6lkerung&#8230;<\/p>","protected":false},"author":1,"featured_media":0,"parent":0,"menu_order":0,"comment_status":"closed","ping_status":"closed","template":"","meta":{"_kad_blocks_custom_css":"","_kad_blocks_head_custom_js":"","_kad_blocks_body_custom_js":"","_kad_blocks_footer_custom_js":"","_kadence_starter_templates_imported_post":false,"_kad_post_transparent":"","_kad_post_title":"hide","_kad_post_layout":"","_kad_post_sidebar_id":"","_kad_post_content_style":"","_kad_post_vertical_padding":"","_kad_post_feature":"","_kad_post_feature_position":"","_kad_post_header":false,"_kad_post_footer":false,"_kad_post_classname":"","footnotes":""},"class_list":["post-1234","page","type-page","status-publish","hentry"],"aioseo_notices":[],"taxonomy_info":[],"featured_image_src_large":false,"author_info":{"display_name":"Eric Jungblut","author_link":"https:\/\/ironbridge-advisors.de\/en\/author\/admin\/"},"comment_info":0,"_links":{"self":[{"href":"https:\/\/ironbridge-advisors.de\/en\/wp-json\/wp\/v2\/pages\/1234","targetHints":{"allow":["GET"]}}],"collection":[{"href":"https:\/\/ironbridge-advisors.de\/en\/wp-json\/wp\/v2\/pages"}],"about":[{"href":"https:\/\/ironbridge-advisors.de\/en\/wp-json\/wp\/v2\/types\/page"}],"author":[{"embeddable":true,"href":"https:\/\/ironbridge-advisors.de\/en\/wp-json\/wp\/v2\/users\/1"}],"replies":[{"embeddable":true,"href":"https:\/\/ironbridge-advisors.de\/en\/wp-json\/wp\/v2\/comments?post=1234"}],"version-history":[{"count":25,"href":"https:\/\/ironbridge-advisors.de\/en\/wp-json\/wp\/v2\/pages\/1234\/revisions"}],"predecessor-version":[{"id":2801,"href":"https:\/\/ironbridge-advisors.de\/en\/wp-json\/wp\/v2\/pages\/1234\/revisions\/2801"}],"wp:attachment":[{"href":"https:\/\/ironbridge-advisors.de\/en\/wp-json\/wp\/v2\/media?parent=1234"}],"curies":[{"name":"wp","href":"https:\/\/api.w.org\/{rel}","templated":true}]}}