{"id":1290,"date":"2023-03-15T12:58:59","date_gmt":"2023-03-15T11:58:59","guid":{"rendered":"https:\/\/ironbridge-advisors.de\/?page_id=1290"},"modified":"2023-04-19T15:05:04","modified_gmt":"2023-04-19T13:05:04","slug":"sport","status":"publish","type":"page","link":"https:\/\/ironbridge-advisors.de\/en\/sport\/","title":{"rendered":"Sport"},"content":{"rendered":"<style>.kb-row-layout-id_0baa86-72 > .kt-row-column-wrap{align-content:start;}:where(.kb-row-layout-id_0baa86-72 > .kt-row-column-wrap) > .wp-block-kadence-column{justify-content:start;}.kb-row-layout-id_0baa86-72 > .kt-row-column-wrap{column-gap:var(--global-kb-gap-md, 2rem);row-gap:var(--global-kb-gap-md, 2rem);padding-top:200px;padding-bottom:200px;grid-template-columns:minmax(0, 1fr);}.kb-row-layout-id_0baa86-72{background-image:url('https:\/\/ironbridge-advisors.de\/wp-content\/uploads\/2023\/04\/Hockey-4.jpg');background-size:cover;background-position:25% 66%;background-attachment:scroll;background-repeat:no-repeat;}.kb-row-layout-id_0baa86-72 > .kt-row-layout-overlay{opacity:0.30;}@media all and (max-width: 1024px){.kb-row-layout-id_0baa86-72 > .kt-row-column-wrap{grid-template-columns:minmax(0, 1fr);}}@media all and (max-width: 767px){.kb-row-layout-id_0baa86-72 > .kt-row-column-wrap{grid-template-columns:minmax(0, 1fr);}}<\/style><div class=\"kb-row-layout-wrap kb-row-layout-id_0baa86-72 alignfull kt-row-has-bg wp-block-kadence-rowlayout\"><div class=\"kt-row-column-wrap kt-has-1-columns kt-row-layout-equal kt-tab-layout-inherit kt-mobile-layout-row kt-row-valign-top\">\n<style>.kadence-column_babf9e-ea > .kt-inside-inner-col,.kadence-column_babf9e-ea > .kt-inside-inner-col:before{border-top-left-radius:0px;border-top-right-radius:0px;border-bottom-right-radius:0px;border-bottom-left-radius:0px;}.kadence-column_babf9e-ea > .kt-inside-inner-col{column-gap:var(--global-kb-gap-sm, 1rem);}.kadence-column_babf9e-ea > .kt-inside-inner-col{flex-direction:column;}.kadence-column_babf9e-ea > .kt-inside-inner-col > .aligncenter{width:100%;}.kadence-column_babf9e-ea > .kt-inside-inner-col:before{opacity:0.3;}.kadence-column_babf9e-ea{position:relative;}@media all and (max-width: 1024px){.kadence-column_babf9e-ea > .kt-inside-inner-col{flex-direction:column;justify-content:center;}}@media all and (max-width: 767px){.kadence-column_babf9e-ea > .kt-inside-inner-col{flex-direction:column;justify-content:center;}}<\/style>\n<div class=\"wp-block-kadence-column kadence-column_babf9e-ea\"><div class=\"kt-inside-inner-col\"><style>.kb-row-layout-id_f151f3-61 > .kt-row-column-wrap{align-content:start;}:where(.kb-row-layout-id_f151f3-61 > .kt-row-column-wrap) > .wp-block-kadence-column{justify-content:start;}.kb-row-layout-id_f151f3-61 > .kt-row-column-wrap{column-gap:var(--global-kb-gap-none, 0rem );row-gap:var(--global-kb-gap-none, 0rem );grid-template-columns:repeat(2, minmax(0, 1fr));}.kb-row-layout-id_f151f3-61 > .kt-row-layout-overlay{opacity:0.30;}@media all and (max-width: 1024px){.kb-row-layout-id_f151f3-61 > .kt-row-column-wrap{grid-template-columns:repeat(2, minmax(0, 1fr));}}@media all and (max-width: 767px){.kb-row-layout-id_f151f3-61 > .kt-row-column-wrap{grid-template-columns:minmax(0, 1fr);}}<\/style><div class=\"kb-row-layout-wrap kb-row-layout-id_f151f3-61 aligncenter wp-block-kadence-rowlayout\"><div class=\"kt-row-column-wrap kt-has-2-columns kt-row-layout-equal kt-tab-layout-inherit kt-mobile-layout-row kt-row-valign-top\">\n<style>.kadence-column_e188ad-a6 > .kt-inside-inner-col{padding-top:180px;padding-bottom:120px;}.kadence-column_e188ad-a6 > .kt-inside-inner-col,.kadence-column_e188ad-a6 > .kt-inside-inner-col:before{border-top-left-radius:0px;border-top-right-radius:0px;border-bottom-right-radius:0px;border-bottom-left-radius:0px;}.kadence-column_e188ad-a6 > .kt-inside-inner-col{column-gap:var(--global-kb-gap-sm, 1rem);}.kadence-column_e188ad-a6 > .kt-inside-inner-col{flex-direction:column;}.kadence-column_e188ad-a6 > .kt-inside-inner-col > .aligncenter{width:100%;}.kadence-column_e188ad-a6 > .kt-inside-inner-col{background-image:url('https:\/\/ironbridge-advisors.de\/wp-content\/uploads\/2023\/04\/Fussball_komp-scaled.jpg');background-size:cover;background-position:49% 22%;background-attachment:scroll;background-repeat:no-repeat;}.kadence-column_e188ad-a6 > .kt-inside-inner-col:before{opacity:0.3;}.kadence-column_e188ad-a6{position:relative;}@media all and (max-width: 1024px){.kadence-column_e188ad-a6 > .kt-inside-inner-col{flex-direction:column;justify-content:center;}}@media all and (max-width: 767px){.kadence-column_e188ad-a6 > .kt-inside-inner-col{flex-direction:column;justify-content:center;}}<\/style>\n<div class=\"wp-block-kadence-column kadence-column_e188ad-a6\"><div class=\"kt-inside-inner-col\"><style>.wp-block-kadence-advancedheading.kt-adv-heading_dba0d7-87, .wp-block-kadence-advancedheading.kt-adv-heading_dba0d7-87[data-kb-block=\"kb-adv-heading_dba0d7-87\"]{text-align:center;font-size:45px;font-style:normal;background-color:rgba(0,0,0,0.16);}.wp-block-kadence-advancedheading.kt-adv-heading_dba0d7-87 mark.kt-highlight, .wp-block-kadence-advancedheading.kt-adv-heading_dba0d7-87[data-kb-block=\"kb-adv-heading_dba0d7-87\"] mark.kt-highlight{font-style:normal;color:#f76a0c;-webkit-box-decoration-break:clone;box-decoration-break:clone;padding-top:0px;padding-right:0px;padding-bottom:0px;padding-left:0px;}.wp-block-kadence-advancedheading.kt-adv-heading_dba0d7-87 img.kb-inline-image, .wp-block-kadence-advancedheading.kt-adv-heading_dba0d7-87[data-kb-block=\"kb-adv-heading_dba0d7-87\"] img.kb-inline-image{width:150px;vertical-align:baseline;}<\/style>\n<h1 class=\"kt-adv-heading_dba0d7-87 wp-block-kadence-advancedheading has-theme-palette-9-color has-text-color\" data-kb-block=\"kb-adv-heading_dba0d7-87\">Sport<\/h1>\n<\/div><\/div>\n\n\n<style>.kadence-column_4bc6f0-c1 > .kt-inside-inner-col{padding-top:180px;padding-bottom:105px;}.kadence-column_4bc6f0-c1 > .kt-inside-inner-col,.kadence-column_4bc6f0-c1 > .kt-inside-inner-col:before{border-top-left-radius:0px;border-top-right-radius:0px;border-bottom-right-radius:0px;border-bottom-left-radius:0px;}.kadence-column_4bc6f0-c1 > .kt-inside-inner-col{column-gap:var(--global-kb-gap-sm, 1rem);}.kadence-column_4bc6f0-c1 > .kt-inside-inner-col{flex-direction:column;}.kadence-column_4bc6f0-c1 > .kt-inside-inner-col > .aligncenter{width:100%;}.kadence-column_4bc6f0-c1 > .kt-inside-inner-col{background-image:url('https:\/\/ironbridge-advisors.de\/wp-content\/uploads\/2023\/04\/Golf_komp-scaled.jpg');background-size:cover;background-position:50% 44%;background-attachment:scroll;background-repeat:no-repeat;}.kadence-column_4bc6f0-c1 > .kt-inside-inner-col:before{opacity:0.3;}.kadence-column_4bc6f0-c1{position:relative;}@media all and (max-width: 1024px){.kadence-column_4bc6f0-c1 > .kt-inside-inner-col{flex-direction:column;justify-content:center;}}@media all and (max-width: 767px){.kadence-column_4bc6f0-c1 > .kt-inside-inner-col{flex-direction:column;justify-content:center;}}<\/style>\n<div class=\"wp-block-kadence-column kadence-column_4bc6f0-c1\"><div class=\"kt-inside-inner-col\"><style>.wp-block-kadence-advancedheading.kt-adv-heading_cb51b8-c0, .wp-block-kadence-advancedheading.kt-adv-heading_cb51b8-c0[data-kb-block=\"kb-adv-heading_cb51b8-c0\"]{text-align:center;font-size:45px;font-style:normal;background-color:rgba(0,0,0,0.15);}.wp-block-kadence-advancedheading.kt-adv-heading_cb51b8-c0 mark.kt-highlight, .wp-block-kadence-advancedheading.kt-adv-heading_cb51b8-c0[data-kb-block=\"kb-adv-heading_cb51b8-c0\"] mark.kt-highlight{font-style:normal;color:#f76a0c;-webkit-box-decoration-break:clone;box-decoration-break:clone;padding-top:0px;padding-right:0px;padding-bottom:0px;padding-left:0px;}.wp-block-kadence-advancedheading.kt-adv-heading_cb51b8-c0 img.kb-inline-image, .wp-block-kadence-advancedheading.kt-adv-heading_cb51b8-c0[data-kb-block=\"kb-adv-heading_cb51b8-c0\"] img.kb-inline-image{width:150px;vertical-align:baseline;}<\/style>\n<h1 class=\"kt-adv-heading_cb51b8-c0 wp-block-kadence-advancedheading has-theme-palette-9-color has-text-color\" data-kb-block=\"kb-adv-heading_cb51b8-c0\">Sponsoring<\/h1>\n<\/div><\/div>\n\n<\/div><\/div><\/div><\/div>\n\n<\/div><\/div>\n\n\n<h3 class=\"wp-block-heading has-text-align-center\">Wir lieben Sport<\/h3>\n\n\n<style>.wp-block-kadence-advancedheading.kt-adv-heading_afb49d-6a, .wp-block-kadence-advancedheading.kt-adv-heading_afb49d-6a[data-kb-block=\"kb-adv-heading_afb49d-6a\"]{text-align:center;font-style:normal;}.wp-block-kadence-advancedheading.kt-adv-heading_afb49d-6a mark.kt-highlight, .wp-block-kadence-advancedheading.kt-adv-heading_afb49d-6a[data-kb-block=\"kb-adv-heading_afb49d-6a\"] mark.kt-highlight{font-style:normal;color:#f76a0c;-webkit-box-decoration-break:clone;box-decoration-break:clone;padding-top:0px;padding-right:0px;padding-bottom:0px;padding-left:0px;}.wp-block-kadence-advancedheading.kt-adv-heading_afb49d-6a img.kb-inline-image, .wp-block-kadence-advancedheading.kt-adv-heading_afb49d-6a[data-kb-block=\"kb-adv-heading_afb49d-6a\"] img.kb-inline-image{width:150px;vertical-align:baseline;}<\/style>\n<p class=\"kt-adv-heading_afb49d-6a wp-block-kadence-advancedheading\" data-kb-block=\"kb-adv-heading_afb49d-6a\">Sportsponsoring bei IronBridge Advisors bedeutet, die F\u00f6rderung lokaler Vereine. Dabei erfolgt die Auswahl der zu f\u00f6rdernden Vereine auf famili\u00e4rer Basis, also durch unsere Kinder. Im vergangenen Jahr haben wir uns an der Finanzierung eines neuen Kunstrasenplatzes des MTV Kronberg beteiligt. Das freut nicht nur die Kinder, sondern auch die Eltern, da damit das leidige Problem von Kunstrasenfasern auf Kleidung, im Auto und im Fell mitgebrachter Hunde, deutlich reduziert werden konnte.  <\/p>\n\n\n<style>.kb-gallery-id-_b0c2dc-22.kb-gallery-ul.kb-gallery-type-fluidcarousel .kt-blocks-carousel figure .kb-gal-image-radius, .kb-gallery-id-_b0c2dc-22.kb-gallery-ul.kb-gallery-type-fluidcarousel .kt-blocks-carousel figure .kb-gal-image-radius img{height:300px;}.kb-gallery-id-_b0c2dc-22 .kadence-blocks-gallery-item .kb-gal-image-radius, .kb-gallery-id-_b0c2dc-22 .kb-slide-item .kb-gal-image-radius img{border-radius:0px 0px 0px 0px;;}.kb-gallery-wrap-id-_b0c2dc-22.wp-block-kadence-advancedgallery{overflow:visible;}.kb-gallery-wrap-id-_b0c2dc-22.wp-block-kadence-advancedgallery .kt-blocks-carousel{overflow:visible;max-width:100%;}<\/style><div class=\"kb-gallery-wrap-id-_b0c2dc-22 alignnone wp-block-kadence-advancedgallery\"><div class=\"kb-gallery-ul kb-gallery-non-static kb-gallery-type-fluidcarousel kb-gallery-id-_b0c2dc-22 kb-gallery-caption-style-bottom-hover kb-gallery-filter-none\" data-image-filter=\"none\" data-lightbox-caption=\"true\"><div class=\"kt-blocks-carousel splide kt-carousel-container-dotstyle-dark kt-carousel-arrowstyle-whiteondark kt-carousel-dotstyle-dark kb-slider-group-arrow kb-slider-arrow-position-center\" data-slider-anim-speed=\"400\" data-slider-scroll=\"1\" data-slider-arrows=\"true\" data-slider-dots=\"true\" data-slider-hover-pause=\"false\" data-slider-auto=\"1\" data-slider-speed=\"2650\" data-slider-type=\"fluidcarousel\" data-slider-center-mode=\"true\" data-slider-gap=\"10px\" data-slider-gap-tablet=\"10px\" data-slider-gap-mobile=\"10px\" data-show-pause-button=\"false\"><div class=\"splide__track\"><ul class=\"kt-blocks-carousel-init kb-blocks-fluid-carousel splide__list\"><li class=\"kb-slide-item kb-gallery-carousel-item splide__slide\"><div class=\"kadence-blocks-gallery-item\"><div class=\"kadence-blocks-gallery-item-inner\"><figure class=\"kb-gallery-figure kadence-blocks-gallery-item-hide-caption\"><div class=\"kb-gal-image-radius\"><div class=\"kb-gallery-image-contain\" ><img loading=\"lazy\" decoding=\"async\" src=\"https:\/\/ironbridge-advisors.de\/wp-content\/uploads\/2023\/04\/Hockey-2-912x1024.jpg\" width=\"912\" height=\"1024\" alt=\"\" data-full-image=\"https:\/\/ironbridge-advisors.de\/wp-content\/uploads\/2023\/04\/Hockey-2.jpg\" data-light-image=\"https:\/\/ironbridge-advisors.de\/wp-content\/uploads\/2023\/04\/Hockey-2.jpg\" data-id=\"2486\" class=\"wp-image-2486 skip-lazy\" srcset=\"https:\/\/ironbridge-advisors.de\/wp-content\/uploads\/2023\/04\/Hockey-2-912x1024.jpg 912w, https:\/\/ironbridge-advisors.de\/wp-content\/uploads\/2023\/04\/Hockey-2-267x300.jpg 267w, https:\/\/ironbridge-advisors.de\/wp-content\/uploads\/2023\/04\/Hockey-2-768x862.jpg 768w, https:\/\/ironbridge-advisors.de\/wp-content\/uploads\/2023\/04\/Hockey-2-11x12.jpg 11w, https:\/\/ironbridge-advisors.de\/wp-content\/uploads\/2023\/04\/Hockey-2.jpg 1213w\" sizes=\"auto, (max-width: 912px) 100vw, 912px\" \/><\/div><\/div><\/figure><\/div><\/div><\/li><li class=\"kb-slide-item kb-gallery-carousel-item splide__slide\"><div class=\"kadence-blocks-gallery-item\"><div class=\"kadence-blocks-gallery-item-inner\"><figure class=\"kb-gallery-figure kadence-blocks-gallery-item-hide-caption\"><div class=\"kb-gal-image-radius\"><div class=\"kb-gallery-image-contain\" ><img loading=\"lazy\" decoding=\"async\" src=\"https:\/\/ironbridge-advisors.de\/wp-content\/uploads\/2023\/04\/Golf_komp-1024x683.jpg\" width=\"1024\" height=\"683\" alt=\"\" data-full-image=\"https:\/\/ironbridge-advisors.de\/wp-content\/uploads\/2023\/04\/Golf_komp-scaled.jpg\" data-light-image=\"https:\/\/ironbridge-advisors.de\/wp-content\/uploads\/2023\/04\/Golf_komp-scaled.jpg\" data-id=\"2492\" class=\"wp-image-2492 skip-lazy\" srcset=\"https:\/\/ironbridge-advisors.de\/wp-content\/uploads\/2023\/04\/Golf_komp-1024x683.jpg 1024w, https:\/\/ironbridge-advisors.de\/wp-content\/uploads\/2023\/04\/Golf_komp-300x200.jpg 300w, https:\/\/ironbridge-advisors.de\/wp-content\/uploads\/2023\/04\/Golf_komp-768x512.jpg 768w, https:\/\/ironbridge-advisors.de\/wp-content\/uploads\/2023\/04\/Golf_komp-1536x1024.jpg 1536w, https:\/\/ironbridge-advisors.de\/wp-content\/uploads\/2023\/04\/Golf_komp-2048x1365.jpg 2048w, https:\/\/ironbridge-advisors.de\/wp-content\/uploads\/2023\/04\/Golf_komp-18x12.jpg 18w\" sizes=\"auto, (max-width: 1024px) 100vw, 1024px\" \/><\/div><\/div><\/figure><\/div><\/div><\/li><li class=\"kb-slide-item kb-gallery-carousel-item splide__slide\"><div class=\"kadence-blocks-gallery-item\"><div class=\"kadence-blocks-gallery-item-inner\"><figure class=\"kb-gallery-figure kadence-blocks-gallery-item-hide-caption\"><div class=\"kb-gal-image-radius\"><div class=\"kb-gallery-image-contain\" ><img loading=\"lazy\" decoding=\"async\" src=\"https:\/\/ironbridge-advisors.de\/wp-content\/uploads\/2023\/04\/Hockey-3-988x1024.jpg\" width=\"988\" height=\"1024\" alt=\"\" data-full-image=\"https:\/\/ironbridge-advisors.de\/wp-content\/uploads\/2023\/04\/Hockey-3.jpg\" data-light-image=\"https:\/\/ironbridge-advisors.de\/wp-content\/uploads\/2023\/04\/Hockey-3.jpg\" data-id=\"2487\" class=\"wp-image-2487 skip-lazy\" srcset=\"https:\/\/ironbridge-advisors.de\/wp-content\/uploads\/2023\/04\/Hockey-3-988x1024.jpg 988w, https:\/\/ironbridge-advisors.de\/wp-content\/uploads\/2023\/04\/Hockey-3-290x300.jpg 290w, https:\/\/ironbridge-advisors.de\/wp-content\/uploads\/2023\/04\/Hockey-3-768x796.jpg 768w, https:\/\/ironbridge-advisors.de\/wp-content\/uploads\/2023\/04\/Hockey-3-12x12.jpg 12w, https:\/\/ironbridge-advisors.de\/wp-content\/uploads\/2023\/04\/Hockey-3.jpg 1111w\" sizes=\"auto, (max-width: 988px) 100vw, 988px\" \/><\/div><\/div><\/figure><\/div><\/div><\/li><li class=\"kb-slide-item kb-gallery-carousel-item splide__slide\"><div class=\"kadence-blocks-gallery-item\"><div class=\"kadence-blocks-gallery-item-inner\"><figure class=\"kb-gallery-figure kadence-blocks-gallery-item-hide-caption\"><div class=\"kb-gal-image-radius\"><div class=\"kb-gallery-image-contain\" ><img loading=\"lazy\" decoding=\"async\" src=\"https:\/\/ironbridge-advisors.de\/wp-content\/uploads\/2023\/04\/Fussball_komp-1024x683.jpg\" width=\"1024\" height=\"683\" alt=\"\" data-full-image=\"https:\/\/ironbridge-advisors.de\/wp-content\/uploads\/2023\/04\/Fussball_komp-scaled.jpg\" data-light-image=\"https:\/\/ironbridge-advisors.de\/wp-content\/uploads\/2023\/04\/Fussball_komp-scaled.jpg\" data-id=\"2490\" class=\"wp-image-2490 skip-lazy\" srcset=\"https:\/\/ironbridge-advisors.de\/wp-content\/uploads\/2023\/04\/Fussball_komp-1024x683.jpg 1024w, https:\/\/ironbridge-advisors.de\/wp-content\/uploads\/2023\/04\/Fussball_komp-300x200.jpg 300w, https:\/\/ironbridge-advisors.de\/wp-content\/uploads\/2023\/04\/Fussball_komp-768x512.jpg 768w, https:\/\/ironbridge-advisors.de\/wp-content\/uploads\/2023\/04\/Fussball_komp-1536x1024.jpg 1536w, https:\/\/ironbridge-advisors.de\/wp-content\/uploads\/2023\/04\/Fussball_komp-2048x1365.jpg 2048w, https:\/\/ironbridge-advisors.de\/wp-content\/uploads\/2023\/04\/Fussball_komp-18x12.jpg 18w\" sizes=\"auto, (max-width: 1024px) 100vw, 1024px\" \/><\/div><\/div><\/figure><\/div><\/div><\/li><li class=\"kb-slide-item kb-gallery-carousel-item splide__slide\"><div class=\"kadence-blocks-gallery-item\"><div class=\"kadence-blocks-gallery-item-inner\"><figure class=\"kb-gallery-figure kadence-blocks-gallery-item-hide-caption\"><div class=\"kb-gal-image-radius\"><div class=\"kb-gallery-image-contain\" ><img loading=\"lazy\" decoding=\"async\" src=\"https:\/\/ironbridge-advisors.de\/wp-content\/uploads\/2023\/04\/Hockey-4-1024x357.jpg\" width=\"1024\" height=\"357\" alt=\"\" data-full-image=\"https:\/\/ironbridge-advisors.de\/wp-content\/uploads\/2023\/04\/Hockey-4.jpg\" data-light-image=\"https:\/\/ironbridge-advisors.de\/wp-content\/uploads\/2023\/04\/Hockey-4.jpg\" data-id=\"2488\" class=\"wp-image-2488 skip-lazy\" srcset=\"https:\/\/ironbridge-advisors.de\/wp-content\/uploads\/2023\/04\/Hockey-4-1024x357.jpg 1024w, https:\/\/ironbridge-advisors.de\/wp-content\/uploads\/2023\/04\/Hockey-4-300x104.jpg 300w, https:\/\/ironbridge-advisors.de\/wp-content\/uploads\/2023\/04\/Hockey-4-768x267.jpg 768w, https:\/\/ironbridge-advisors.de\/wp-content\/uploads\/2023\/04\/Hockey-4-1536x535.jpg 1536w, https:\/\/ironbridge-advisors.de\/wp-content\/uploads\/2023\/04\/Hockey-4-18x6.jpg 18w, https:\/\/ironbridge-advisors.de\/wp-content\/uploads\/2023\/04\/Hockey-4.jpg 2048w\" sizes=\"auto, (max-width: 1024px) 100vw, 1024px\" \/><\/div><\/div><\/figure><\/div><\/div><\/li><\/ul><\/div><\/div><\/div><\/div>","protected":false},"excerpt":{"rendered":"<p>Sport Sponsoring Wir lieben Sport Sportsponsoring bei IronBridge Advisors bedeutet, die F\u00f6rderung lokaler Vereine. Dabei erfolgt die Auswahl der zu f\u00f6rdernden Vereine auf famili\u00e4rer Basis, also durch unsere Kinder. Im&#8230;<\/p>","protected":false},"author":1,"featured_media":0,"parent":0,"menu_order":0,"comment_status":"closed","ping_status":"closed","template":"","meta":{"_kad_blocks_custom_css":"","_kad_blocks_head_custom_js":"","_kad_blocks_body_custom_js":"","_kad_blocks_footer_custom_js":"","_kadence_starter_templates_imported_post":false,"_kad_post_transparent":"","_kad_post_title":"hide","_kad_post_layout":"","_kad_post_sidebar_id":"","_kad_post_content_style":"","_kad_post_vertical_padding":"","_kad_post_feature":"","_kad_post_feature_position":"","_kad_post_header":false,"_kad_post_footer":false,"_kad_post_classname":"","footnotes":""},"class_list":["post-1290","page","type-page","status-publish","hentry"],"aioseo_notices":[],"taxonomy_info":[],"featured_image_src_large":false,"author_info":{"display_name":"Eric Jungblut","author_link":"https:\/\/ironbridge-advisors.de\/en\/author\/admin\/"},"comment_info":0,"_links":{"self":[{"href":"https:\/\/ironbridge-advisors.de\/en\/wp-json\/wp\/v2\/pages\/1290","targetHints":{"allow":["GET"]}}],"collection":[{"href":"https:\/\/ironbridge-advisors.de\/en\/wp-json\/wp\/v2\/pages"}],"about":[{"href":"https:\/\/ironbridge-advisors.de\/en\/wp-json\/wp\/v2\/types\/page"}],"author":[{"embeddable":true,"href":"https:\/\/ironbridge-advisors.de\/en\/wp-json\/wp\/v2\/users\/1"}],"replies":[{"embeddable":true,"href":"https:\/\/ironbridge-advisors.de\/en\/wp-json\/wp\/v2\/comments?post=1290"}],"version-history":[{"count":12,"href":"https:\/\/ironbridge-advisors.de\/en\/wp-json\/wp\/v2\/pages\/1290\/revisions"}],"predecessor-version":[{"id":2493,"href":"https:\/\/ironbridge-advisors.de\/en\/wp-json\/wp\/v2\/pages\/1290\/revisions\/2493"}],"wp:attachment":[{"href":"https:\/\/ironbridge-advisors.de\/en\/wp-json\/wp\/v2\/media?parent=1290"}],"curies":[{"name":"wp","href":"https:\/\/api.w.org\/{rel}","templated":true}]}}