{"id":131,"date":"2023-01-31T18:47:24","date_gmt":"2023-01-31T17:47:24","guid":{"rendered":"https:\/\/ironbridge-advisors.de\/?page_id=131"},"modified":"2023-04-21T15:17:12","modified_gmt":"2023-04-21T13:17:12","slug":"ueber-uns","status":"publish","type":"page","link":"https:\/\/ironbridge-advisors.de\/en\/ueber-uns\/","title":{"rendered":"About us"},"content":{"rendered":"<style>.kb-row-layout-id_61d831-fe > .kt-row-column-wrap{align-content:start;}:where(.kb-row-layout-id_61d831-fe > .kt-row-column-wrap) > .wp-block-kadence-column{justify-content:start;}.kb-row-layout-id_61d831-fe > .kt-row-column-wrap{column-gap:var(--global-kb-gap-md, 2rem);row-gap:var(--global-kb-gap-md, 2rem);padding-top:var(--global-kb-spacing-3xl, 6.5rem);padding-bottom:var(--global-kb-spacing-5xl, 10rem);grid-template-columns:minmax(0, 1fr);}.kb-row-layout-id_61d831-fe{background-image:url('https:\/\/ironbridge-advisors.de\/wp-content\/uploads\/2023\/04\/Foto-30.08.22-13-51-06-2-scaled.jpg');background-size:cover;background-position:center center;background-attachment:scroll;background-repeat:no-repeat;}.kb-row-layout-id_61d831-fe > .kt-row-layout-overlay{opacity:0.29;}.kb-row-layout-id_61d831-fe .kt-row-layout-bottom-sep{height:100px;}.kb-row-layout-id_61d831-fe .kt-row-layout-bottom-sep svg{width:100%;}.kb-row-layout-id_61d831-fe .kt-row-layout-bottom-sep svg{fill:var(--global-palette1, #3182CE)!important;}@media all and (max-width: 1024px){.kb-row-layout-id_61d831-fe > .kt-row-column-wrap{grid-template-columns:minmax(0, 1fr);}}@media all and (max-width: 1024px){.kb-row-layout-id_61d831-fe .kt-row-layout-bottom-sep{height:px;}}@media all and (max-width: 1024px){.kb-row-layout-id_61d831-fe .kt-row-layout-bottom-sep svg{width:%;}}@media all and (max-width: 767px){.kb-row-layout-id_61d831-fe > .kt-row-column-wrap{grid-template-columns:minmax(0, 1fr);}.kb-row-layout-id_61d831-fe .kt-row-layout-bottom-sep{height:px;}.kb-row-layout-id_61d831-fe .kt-row-layout-bottom-sep svg{width:%;}}<\/style><div class=\"kb-row-layout-wrap kb-row-layout-id_61d831-fe alignfull kt-row-has-bg wp-block-kadence-rowlayout\"><div class=\"kt-row-layout-bottom-sep kt-row-sep-type-crvi\"><svg viewBox=\"0 0 1000 100\" preserveAspectRatio=\"none\"><path d=\"M1000,0c0,0 -270.987,98 -500,98c-229.013,0 -500,-98 -500,-98l0,100l1000,0l0,-100Z\" \/><\/svg><\/div><div class=\"kt-row-column-wrap kt-has-1-columns kt-row-layout-equal kt-tab-layout-inherit kt-mobile-layout-row kt-row-valign-top\">\n<style>.kadence-column_4853ca-81 > .kt-inside-inner-col,.kadence-column_4853ca-81 > .kt-inside-inner-col:before{border-top-left-radius:0px;border-top-right-radius:0px;border-bottom-right-radius:0px;border-bottom-left-radius:0px;}.kadence-column_4853ca-81 > .kt-inside-inner-col{column-gap:var(--global-kb-gap-sm, 1rem);}.kadence-column_4853ca-81 > .kt-inside-inner-col{flex-direction:column;}.kadence-column_4853ca-81 > .kt-inside-inner-col > .aligncenter{width:100%;}.kadence-column_4853ca-81 > .kt-inside-inner-col:before{opacity:0.3;}.kadence-column_4853ca-81{position:relative;}@media all and (max-width: 1024px){.kadence-column_4853ca-81 > .kt-inside-inner-col{flex-direction:column;justify-content:center;}}@media all and (max-width: 767px){.kadence-column_4853ca-81 > .kt-inside-inner-col{flex-direction:column;justify-content:center;}}<\/style>\n<div class=\"wp-block-kadence-column kadence-column_4853ca-81\"><div class=\"kt-inside-inner-col\"><style>.wp-block-kadence-advancedheading.kt-adv-heading_f78913-70, .wp-block-kadence-advancedheading.kt-adv-heading_f78913-70[data-kb-block=\"kb-adv-heading_f78913-70\"]{margin-top:0px;margin-right:var(--global-kb-spacing-5xl, 10rem);margin-left:var(--global-kb-spacing-5xl, 10rem);text-align:center;font-style:normal;background-color:rgba(0,0,0,0.07);}.wp-block-kadence-advancedheading.kt-adv-heading_f78913-70 mark.kt-highlight, .wp-block-kadence-advancedheading.kt-adv-heading_f78913-70[data-kb-block=\"kb-adv-heading_f78913-70\"] mark.kt-highlight{font-style:normal;color:#f76a0c;-webkit-box-decoration-break:clone;box-decoration-break:clone;padding-top:0px;padding-right:0px;padding-bottom:0px;padding-left:0px;}.wp-block-kadence-advancedheading.kt-adv-heading_f78913-70 img.kb-inline-image, .wp-block-kadence-advancedheading.kt-adv-heading_f78913-70[data-kb-block=\"kb-adv-heading_f78913-70\"] img.kb-inline-image{width:150px;vertical-align:baseline;}@media all and (max-width: 767px){.wp-block-kadence-advancedheading.kt-adv-heading_f78913-70, .wp-block-kadence-advancedheading.kt-adv-heading_f78913-70[data-kb-block=\"kb-adv-heading_f78913-70\"]{padding-right:0px;padding-left:0px;margin-right:0px;margin-left:0px;font-size:25px;}}<\/style>\n<h3 class=\"kt-adv-heading_f78913-70 wp-block-kadence-advancedheading has-theme-palette-9-color has-text-color\" data-kb-block=\"kb-adv-heading_f78913-70\">Nachfolgeberatung aus \u00dcberzeugung<\/h3>\n<\/div><\/div>\n\n<\/div><\/div>\n\n<style>.wp-block-kadence-spacer.kt-block-spacer-_d3064a-19 .kt-block-spacer{height:60px;}.wp-block-kadence-spacer.kt-block-spacer-_d3064a-19 .kt-divider{border-top-width:1px;height:1px;border-top-color:#eee;width:80%;border-top-style:solid;}<\/style>\n<div class=\"wp-block-kadence-spacer aligncenter kt-block-spacer-_d3064a-19\"><div class=\"kt-block-spacer kt-block-spacer-halign-center\"><hr class=\"kt-divider\"\/><\/div><\/div>\n\n\n<style>.kb-row-layout-id_97161b-1f > .kt-row-column-wrap{align-content:start;}:where(.kb-row-layout-id_97161b-1f > .kt-row-column-wrap) > .wp-block-kadence-column{justify-content:start;}.kb-row-layout-id_97161b-1f > .kt-row-column-wrap{column-gap:var(--global-kb-gap-md, 2rem);row-gap:var(--global-kb-gap-md, 2rem);padding-top:var(--global-kb-spacing-sm, 1.5rem);padding-bottom:var(--global-kb-spacing-sm, 1.5rem);grid-template-columns:minmax(0, 1fr);}.kb-row-layout-id_97161b-1f > .kt-row-layout-overlay{opacity:0.30;}@media all and (max-width: 1024px){.kb-row-layout-id_97161b-1f > .kt-row-column-wrap{grid-template-columns:minmax(0, 1fr);}}@media all and (max-width: 767px){.kb-row-layout-id_97161b-1f > .kt-row-column-wrap{grid-template-columns:minmax(0, 1fr);}}<\/style><div class=\"kb-row-layout-wrap kb-row-layout-id_97161b-1f alignnone wp-block-kadence-rowlayout\"><div class=\"kt-row-column-wrap kt-has-1-columns kt-row-layout-equal kt-tab-layout-inherit kt-mobile-layout-row kt-row-valign-top\">\n<style>.kadence-column_20db1a-a2 > .kt-inside-inner-col,.kadence-column_20db1a-a2 > .kt-inside-inner-col:before{border-top-left-radius:0px;border-top-right-radius:0px;border-bottom-right-radius:0px;border-bottom-left-radius:0px;}.kadence-column_20db1a-a2 > .kt-inside-inner-col{column-gap:var(--global-kb-gap-sm, 1rem);}.kadence-column_20db1a-a2 > .kt-inside-inner-col{flex-direction:column;}.kadence-column_20db1a-a2 > .kt-inside-inner-col > .aligncenter{width:100%;}.kadence-column_20db1a-a2 > .kt-inside-inner-col:before{opacity:0.3;}.kadence-column_20db1a-a2{position:relative;}@media all and (max-width: 1024px){.kadence-column_20db1a-a2 > .kt-inside-inner-col{flex-direction:column;justify-content:center;}}@media all and (max-width: 767px){.kadence-column_20db1a-a2 > .kt-inside-inner-col{flex-direction:column;justify-content:center;}}<\/style>\n<div class=\"wp-block-kadence-column kadence-column_20db1a-a2\"><div class=\"kt-inside-inner-col\"><style>.wp-block-kadence-advancedheading.kt-adv-heading_9f6b19-ab, .wp-block-kadence-advancedheading.kt-adv-heading_9f6b19-ab[data-kb-block=\"kb-adv-heading_9f6b19-ab\"]{text-align:center;font-style:normal;}.wp-block-kadence-advancedheading.kt-adv-heading_9f6b19-ab mark.kt-highlight, .wp-block-kadence-advancedheading.kt-adv-heading_9f6b19-ab[data-kb-block=\"kb-adv-heading_9f6b19-ab\"] mark.kt-highlight{font-style:normal;color:#f76a0c;-webkit-box-decoration-break:clone;box-decoration-break:clone;padding-top:0px;padding-right:0px;padding-bottom:0px;padding-left:0px;}.wp-block-kadence-advancedheading.kt-adv-heading_9f6b19-ab img.kb-inline-image, .wp-block-kadence-advancedheading.kt-adv-heading_9f6b19-ab[data-kb-block=\"kb-adv-heading_9f6b19-ab\"] img.kb-inline-image{width:150px;vertical-align:baseline;}@media all and (max-width: 767px){.wp-block-kadence-advancedheading.kt-adv-heading_9f6b19-ab, .wp-block-kadence-advancedheading.kt-adv-heading_9f6b19-ab[data-kb-block=\"kb-adv-heading_9f6b19-ab\"]{font-size:25px;}}<\/style>\n<h2 class=\"kt-adv-heading_9f6b19-ab wp-block-kadence-advancedheading\" data-kb-block=\"kb-adv-heading_9f6b19-ab\">Ihre unternehmerische Nachfolge ist uns wichtig! <\/h2>\n<\/div><\/div>\n\n<\/div><\/div>\n\n<style>.wp-block-kadence-advancedheading.kt-adv-heading_f19e8c-b4, .wp-block-kadence-advancedheading.kt-adv-heading_f19e8c-b4[data-kb-block=\"kb-adv-heading_f19e8c-b4\"]{font-style:normal;}.wp-block-kadence-advancedheading.kt-adv-heading_f19e8c-b4 mark.kt-highlight, .wp-block-kadence-advancedheading.kt-adv-heading_f19e8c-b4[data-kb-block=\"kb-adv-heading_f19e8c-b4\"] mark.kt-highlight{font-style:normal;color:#f76a0c;-webkit-box-decoration-break:clone;box-decoration-break:clone;padding-top:0px;padding-right:0px;padding-bottom:0px;padding-left:0px;}.wp-block-kadence-advancedheading.kt-adv-heading_f19e8c-b4 img.kb-inline-image, .wp-block-kadence-advancedheading.kt-adv-heading_f19e8c-b4[data-kb-block=\"kb-adv-heading_f19e8c-b4\"] img.kb-inline-image{width:150px;vertical-align:baseline;}@media all and (max-width: 767px){.wp-block-kadence-advancedheading.kt-adv-heading_f19e8c-b4, .wp-block-kadence-advancedheading.kt-adv-heading_f19e8c-b4[data-kb-block=\"kb-adv-heading_f19e8c-b4\"]{font-size:18px;}}<\/style>\n<p class=\"kt-adv-heading_f19e8c-b4 wp-block-kadence-advancedheading\" data-kb-block=\"kb-adv-heading_f19e8c-b4\">Wir m\u00f6chten nicht einfach einen K\u00e4ufer finden. Wir m\u00f6chten den richtigen K\u00e4ufer f\u00fcr jedes Unternehmen finden. Wir verf\u00fcgen \u00fcber mehr als 30 Jahre Erfahrung als K\u00e4ufer von Unternehmen, als Verk\u00e4ufer von Unternehmen und in der Finanzierung von Unternehmensk\u00e4ufen, die Mehrzahl davon Nachfolgesituationen.<\/p>\n\n\n<style>.wp-block-kadence-advancedheading.kt-adv-heading_879bb1-84, .wp-block-kadence-advancedheading.kt-adv-heading_879bb1-84[data-kb-block=\"kb-adv-heading_879bb1-84\"]{font-style:normal;}.wp-block-kadence-advancedheading.kt-adv-heading_879bb1-84 mark.kt-highlight, .wp-block-kadence-advancedheading.kt-adv-heading_879bb1-84[data-kb-block=\"kb-adv-heading_879bb1-84\"] mark.kt-highlight{font-style:normal;color:#f76a0c;-webkit-box-decoration-break:clone;box-decoration-break:clone;padding-top:0px;padding-right:0px;padding-bottom:0px;padding-left:0px;}.wp-block-kadence-advancedheading.kt-adv-heading_879bb1-84 img.kb-inline-image, .wp-block-kadence-advancedheading.kt-adv-heading_879bb1-84[data-kb-block=\"kb-adv-heading_879bb1-84\"] img.kb-inline-image{width:150px;vertical-align:baseline;}@media all and (max-width: 767px){.wp-block-kadence-advancedheading.kt-adv-heading_879bb1-84, .wp-block-kadence-advancedheading.kt-adv-heading_879bb1-84[data-kb-block=\"kb-adv-heading_879bb1-84\"]{margin-bottom:20px;font-size:18px;}}<\/style>\n<p class=\"kt-adv-heading_879bb1-84 wp-block-kadence-advancedheading\" data-kb-block=\"kb-adv-heading_879bb1-84\">Es war und ist uns immer wichtig gewesen, M&amp;A nicht als Selbstzweck, sondern als L\u00f6sung einer unternehmerischen Herausforderung zu sehen.  <\/p>\n\n\n\n<div style=\"height:100px\" aria-hidden=\"true\" class=\"wp-block-spacer\"><\/div>\n","protected":false},"excerpt":{"rendered":"<p>Nachfolgeberatung aus \u00dcberzeugung Ihre unternehmerische Nachfolge ist uns wichtig! Wir m\u00f6chten nicht einfach einen K\u00e4ufer finden. Wir m\u00f6chten den richtigen K\u00e4ufer f\u00fcr jedes Unternehmen finden. Wir verf\u00fcgen \u00fcber mehr als&#8230;<\/p>","protected":false},"author":1,"featured_media":0,"parent":0,"menu_order":20,"comment_status":"closed","ping_status":"closed","template":"","meta":{"_kad_blocks_custom_css":"","_kad_blocks_head_custom_js":"","_kad_blocks_body_custom_js":"","_kad_blocks_footer_custom_js":"","_kadence_starter_templates_imported_post":false,"_kad_post_transparent":"","_kad_post_title":"hide","_kad_post_layout":"normal","_kad_post_sidebar_id":"","_kad_post_content_style":"default","_kad_post_vertical_padding":"default","_kad_post_feature":"","_kad_post_feature_position":"","_kad_post_header":false,"_kad_post_footer":false,"_kad_post_classname":"","footnotes":""},"class_list":["post-131","page","type-page","status-publish","hentry"],"aioseo_notices":[],"taxonomy_info":[],"featured_image_src_large":false,"author_info":{"display_name":"Eric Jungblut","author_link":"https:\/\/ironbridge-advisors.de\/en\/author\/admin\/"},"comment_info":0,"_links":{"self":[{"href":"https:\/\/ironbridge-advisors.de\/en\/wp-json\/wp\/v2\/pages\/131","targetHints":{"allow":["GET"]}}],"collection":[{"href":"https:\/\/ironbridge-advisors.de\/en\/wp-json\/wp\/v2\/pages"}],"about":[{"href":"https:\/\/ironbridge-advisors.de\/en\/wp-json\/wp\/v2\/types\/page"}],"author":[{"embeddable":true,"href":"https:\/\/ironbridge-advisors.de\/en\/wp-json\/wp\/v2\/users\/1"}],"replies":[{"embeddable":true,"href":"https:\/\/ironbridge-advisors.de\/en\/wp-json\/wp\/v2\/comments?post=131"}],"version-history":[{"count":15,"href":"https:\/\/ironbridge-advisors.de\/en\/wp-json\/wp\/v2\/pages\/131\/revisions"}],"predecessor-version":[{"id":2800,"href":"https:\/\/ironbridge-advisors.de\/en\/wp-json\/wp\/v2\/pages\/131\/revisions\/2800"}],"wp:attachment":[{"href":"https:\/\/ironbridge-advisors.de\/en\/wp-json\/wp\/v2\/media?parent=131"}],"curies":[{"name":"wp","href":"https:\/\/api.w.org\/{rel}","templated":true}]}}