{"id":237,"date":"2023-02-02T18:02:23","date_gmt":"2023-02-02T17:02:23","guid":{"rendered":"https:\/\/ironbridge-advisors.de\/?page_id=237"},"modified":"2023-04-19T15:52:15","modified_gmt":"2023-04-19T13:52:15","slug":"soziales-engagement","status":"publish","type":"page","link":"https:\/\/ironbridge-advisors.de\/en\/soziales-engagement\/","title":{"rendered":"Soziales Engagement"},"content":{"rendered":"\n<div style=\"height:60px\" aria-hidden=\"true\" class=\"wp-block-spacer\"><\/div>\n\n\n<style>.wp-block-kadence-advancedheading.kt-adv-heading_4871f0-fd, .wp-block-kadence-advancedheading.kt-adv-heading_4871f0-fd[data-kb-block=\"kb-adv-heading_4871f0-fd\"]{text-align:center;font-style:normal;}.wp-block-kadence-advancedheading.kt-adv-heading_4871f0-fd mark.kt-highlight, .wp-block-kadence-advancedheading.kt-adv-heading_4871f0-fd[data-kb-block=\"kb-adv-heading_4871f0-fd\"] mark.kt-highlight{font-style:normal;color:#f76a0c;-webkit-box-decoration-break:clone;box-decoration-break:clone;padding-top:0px;padding-right:0px;padding-bottom:0px;padding-left:0px;}.wp-block-kadence-advancedheading.kt-adv-heading_4871f0-fd img.kb-inline-image, .wp-block-kadence-advancedheading.kt-adv-heading_4871f0-fd[data-kb-block=\"kb-adv-heading_4871f0-fd\"] img.kb-inline-image{width:150px;vertical-align:baseline;}<\/style>\n<h2 class=\"kt-adv-heading_4871f0-fd wp-block-kadence-advancedheading\" data-kb-block=\"kb-adv-heading_4871f0-fd\">Etwas zur\u00fcckzugeben ist f\u00fcr uns selbstverst\u00e4ndlich! <\/h2>\n\n\n\n<div style=\"height:39px\" aria-hidden=\"true\" class=\"wp-block-spacer\"><\/div>\n\n\n\n<p> <\/p>\n\n\n<style>.wp-block-kadence-advancedheading.kt-adv-heading_35a826-37, .wp-block-kadence-advancedheading.kt-adv-heading_35a826-37[data-kb-block=\"kb-adv-heading_35a826-37\"]{margin-bottom:-65px;margin-left:30px;font-style:normal;}.wp-block-kadence-advancedheading.kt-adv-heading_35a826-37 mark.kt-highlight, .wp-block-kadence-advancedheading.kt-adv-heading_35a826-37[data-kb-block=\"kb-adv-heading_35a826-37\"] mark.kt-highlight{font-style:normal;color:#f76a0c;-webkit-box-decoration-break:clone;box-decoration-break:clone;padding-top:0px;padding-right:0px;padding-bottom:0px;padding-left:0px;}.wp-block-kadence-advancedheading.kt-adv-heading_35a826-37 img.kb-inline-image, .wp-block-kadence-advancedheading.kt-adv-heading_35a826-37[data-kb-block=\"kb-adv-heading_35a826-37\"] img.kb-inline-image{width:150px;vertical-align:baseline;}<\/style>\n<h4 class=\"kt-adv-heading_35a826-37 wp-block-kadence-advancedheading\" data-kb-block=\"kb-adv-heading_35a826-37\">Wir engagieren uns in den Bereichen<\/h4>\n\n\n<style>.kb-row-layout-id_168d0a-39 > .kt-row-column-wrap{align-content:start;}:where(.kb-row-layout-id_168d0a-39 > .kt-row-column-wrap) > .wp-block-kadence-column{justify-content:start;}.kb-row-layout-id_168d0a-39 > .kt-row-column-wrap{column-gap:var(--global-kb-gap-md, 2rem);row-gap:var(--global-kb-gap-md, 2rem);max-width:1139px;margin-left:auto;margin-right:auto;padding-top:var(--global-kb-spacing-sm, 1.5rem);padding-bottom:var(--global-kb-spacing-sm, 1.5rem);}.kb-row-layout-id_168d0a-39 > .kt-row-column-wrap > *:nth-child(3n of *:not(style)){grid-column:1 \/ -1;}.kb-row-layout-id_168d0a-39 > .kt-row-column-wrap{grid-template-columns:repeat(2, minmax(0, 1fr));}.kb-row-layout-id_168d0a-39{background-color:rgba(12,240,199,0.28);}.kb-row-layout-id_168d0a-39 > .kt-row-layout-overlay{opacity:0.30;}@media all and (max-width: 1024px){.kb-row-layout-id_168d0a-39 > .kt-row-column-wrap > *:nth-child(3n of *:not(style)){grid-column:1 \/ -1;}}@media all and (max-width: 1024px){.kb-row-layout-id_168d0a-39 > .kt-row-column-wrap{grid-template-columns:repeat(2, minmax(0, 1fr));}}@media all and (max-width: 767px){.kb-row-layout-id_168d0a-39 > .kt-row-column-wrap > div:not(.added-for-specificity){grid-column:initial;}.kb-row-layout-id_168d0a-39 > .kt-row-column-wrap{grid-template-columns:minmax(0, 1fr);}}<\/style><div class=\"kb-row-layout-wrap kb-row-layout-id_168d0a-39 alignwide kt-row-has-bg wp-block-kadence-rowlayout\"><div class=\"kt-row-column-wrap kt-has-3-columns kt-row-layout-last-row kt-tab-layout-inherit kt-mobile-layout-row kt-row-valign-top\">\n<style>.kadence-column_4fd37b-87 > .kt-inside-inner-col,.kadence-column_4fd37b-87 > .kt-inside-inner-col:before{border-top-left-radius:0px;border-top-right-radius:0px;border-bottom-right-radius:0px;border-bottom-left-radius:0px;}.kadence-column_4fd37b-87 > .kt-inside-inner-col{column-gap:var(--global-kb-gap-sm, 1rem);}.kadence-column_4fd37b-87 > .kt-inside-inner-col{flex-direction:column;}.kadence-column_4fd37b-87 > .kt-inside-inner-col > .aligncenter{width:100%;}.kadence-column_4fd37b-87 > .kt-inside-inner-col:before{opacity:0.3;}.kadence-column_4fd37b-87{position:relative;}.kadence-column_4fd37b-87, .kt-inside-inner-col > .kadence-column_4fd37b-87:not(.specificity){margin-top:70px;margin-bottom:-120px;margin-left:40px;}@media all and (max-width: 1024px){.kadence-column_4fd37b-87 > .kt-inside-inner-col{flex-direction:column;justify-content:center;}}@media all and (max-width: 767px){.kadence-column_4fd37b-87 > .kt-inside-inner-col{flex-direction:column;justify-content:center;}}<\/style>\n<div class=\"wp-block-kadence-column kadence-column_4fd37b-87\"><div class=\"kt-inside-inner-col\"><style>.kt-img-overlay_bbfae0-9f{max-width:642px;width:100%;}.kb-section-dir-horizontal > .kt-inside-inner-col > .kt-img-overlay_bbfae0-9f{margin-left:unset;margin-right:unset;}.kt-img-overlay_bbfae0-9f .kt-image-overlay-wrap .kt-block-intrisic{padding-bottom:100%;}.kt-img-overlay_bbfae0-9f .kt-image-overlay-wrap:has(:focus-visible) .kt-image-overlay-color-wrapper{opacity:1 !important;}.kt-img-overlay_bbfae0-9f .kt-image-overlay-wrap:hover .kt-image-overlay-color-wrapper{opacity:1 !important;}.kt-img-overlay_bbfae0-9f .kt-image-overlay-color{background-color:#B75500;opacity:0.6;}.kt-img-overlay_bbfae0-9f .kt-image-overlay-message{border-top:2px solid rgba(255,255,255,0.8);border-right:2px solid rgba(255,255,255,0.8);border-bottom:2px solid rgba(255,255,255,0.8);border-left:2px solid rgba(255,255,255,0.8);inset:10px;}.wp-block-kadence-imageoverlay.kt-img-overlay_bbfae0-9f .kt-image-overlay-message .image-overlay-title{color:#fff;background:rgba(0, 0, 0, 0);padding-top:5px;padding-right:5px;padding-bottom:5px;padding-left:5px;margin-top:0px;margin-right:0px;margin-bottom:0px;margin-left:0px;font-weight:regular;font-style:normal;}.kt-img-overlay_bbfae0-9f .kt-image-overlay-divider{border-top-color:#fff;border-top-width:1px;width:80%;border-top-style:none;}.wp-block-kadence-imageoverlay.kt-img-overlay_bbfae0-9f .kt-image-overlay-message .image-overlay-subtitle{color:#fff;background:rgba(0, 0, 0, 0);padding-top:5px;padding-right:5px;padding-bottom:5px;padding-left:5px;margin-top:0px;margin-right:0px;margin-bottom:0px;margin-left:0px;font-weight:regular;font-style:normal;}@media all and (max-width: 1024px){.kt-img-overlay_bbfae0-9f .kt-image-overlay-message{border-top:2px solid rgba(255,255,255,0.8);border-right:2px solid rgba(255,255,255,0.8);border-bottom:2px solid rgba(255,255,255,0.8);border-left:2px solid rgba(255,255,255,0.8);}}@media all and (max-width: 767px){.kt-img-overlay_bbfae0-9f .kt-image-overlay-message{border-top:2px solid rgba(255,255,255,0.8);border-right:2px solid rgba(255,255,255,0.8);border-bottom:2px solid rgba(255,255,255,0.8);border-left:2px solid rgba(255,255,255,0.8);}}<\/style>\n<div class=\"wp-block-kadence-imageoverlay alignwide kt-img-overlay_bbfae0-9f\" data-aos=\"zoom-in\"><div class=\"kt-image-overlay-wrap kt-over-image-zoomin\"><div class=\"kt-block-intrisic kt-over-set-ratio\"><img loading=\"lazy\" decoding=\"async\" src=\"https:\/\/ironbridge-advisors.de\/wp-content\/uploads\/2023\/04\/Kinder-Essen_komp-768x512.jpg\" alt=\"\" width=\"768\" height=\"512\" class=\"kt-img-overlay wp-image-2280\" srcset=\"https:\/\/ironbridge-advisors.de\/wp-content\/uploads\/2023\/04\/Kinder-Essen_komp-768x512.jpg 768w, https:\/\/ironbridge-advisors.de\/wp-content\/uploads\/2023\/04\/Kinder-Essen_komp-300x200.jpg 300w, https:\/\/ironbridge-advisors.de\/wp-content\/uploads\/2023\/04\/Kinder-Essen_komp-1024x683.jpg 1024w, https:\/\/ironbridge-advisors.de\/wp-content\/uploads\/2023\/04\/Kinder-Essen_komp-1536x1024.jpg 1536w, https:\/\/ironbridge-advisors.de\/wp-content\/uploads\/2023\/04\/Kinder-Essen_komp-2048x1365.jpg 2048w, https:\/\/ironbridge-advisors.de\/wp-content\/uploads\/2023\/04\/Kinder-Essen_komp-18x12.jpg 18w\" sizes=\"auto, (max-width: 768px) 100vw, 768px\" \/><div class=\"kt-image-overlay-color-wrapper\" style=\"opacity:0\"><div class=\"kt-image-overlay-color\" style=\"background-color:#e76106;opacity:0.6\"><\/div><\/div><a href=\"https:\/\/ironbridge-advisors.de\/soziales-engagement-2\/\" class=\"kt-imageoverlay-link\"><div class=\"kt-image-overlay-message kt-over-substyle-hidden_below kt-over-valign-center kt-over-halign-center\" style=\"border-color:rgba(255, 255, 255, 0.8);border-width:2px;left:10px;right:10px;bottom:10px;top:10px\"><div class=\"kt-image-overlay-inner\"><h2 class=\"image-overlay-title\" style=\"color:#fff;background:rgba(0, 0, 0, 0);padding:5px 5px 5px 5px;margin:0px 0px 0px 0px\">Soziales &amp; Bildung<\/h2><h5 class=\"image-overlay-subtitle\" style=\"color:#fff;background:rgba(0, 0, 0, 0);padding:5px 5px 5px 5px;margin:0px 0px 0px 0px\"><\/h5><\/div><\/div><\/a><\/div><\/div><\/div>\n<\/div><\/div>\n\n\n<style>.kadence-column_fe2df3-38 > .kt-inside-inner-col{padding-right:0px;}.kadence-column_fe2df3-38 > .kt-inside-inner-col,.kadence-column_fe2df3-38 > .kt-inside-inner-col:before{border-top-left-radius:0px;border-top-right-radius:0px;border-bottom-right-radius:0px;border-bottom-left-radius:0px;}.kadence-column_fe2df3-38 > .kt-inside-inner-col{column-gap:var(--global-kb-gap-sm, 1rem);}.kadence-column_fe2df3-38 > .kt-inside-inner-col{flex-direction:column;}.kadence-column_fe2df3-38 > .kt-inside-inner-col > .aligncenter{width:100%;}.kadence-column_fe2df3-38 > .kt-inside-inner-col:before{opacity:0.3;}.kadence-column_fe2df3-38{position:relative;}.kadence-column_fe2df3-38, .kt-inside-inner-col > .kadence-column_fe2df3-38:not(.specificity){margin-top:149px;margin-right:-30px;}@media all and (max-width: 1024px){.kadence-column_fe2df3-38 > .kt-inside-inner-col{flex-direction:column;justify-content:center;}}@media all and (max-width: 767px){.kadence-column_fe2df3-38 > .kt-inside-inner-col{flex-direction:column;justify-content:center;}}<\/style>\n<div class=\"wp-block-kadence-column kadence-column_fe2df3-38\"><div class=\"kt-inside-inner-col\"><style>.kt-img-overlay_a5eb32-4b .kt-image-overlay-wrap{max-width:1111px;overflow:hidden;}.kt-img-overlay_a5eb32-4b .kt-image-overlay-wrap .kt-block-intrisic{padding-bottom:100%;}.kt-img-overlay_a5eb32-4b .kt-image-overlay-wrap:has(:focus-visible) .kt-image-overlay-color-wrapper{opacity:1 !important;}.kt-img-overlay_a5eb32-4b .kt-image-overlay-wrap:hover .kt-image-overlay-color-wrapper{opacity:1 !important;}.kt-img-overlay_a5eb32-4b .kt-image-overlay-color{background-color:#B75500;opacity:0.6;}.kt-img-overlay_a5eb32-4b .kt-image-overlay-message{border-top:2px solid rgba(255,255,255,0.8);border-right:2px solid rgba(255,255,255,0.8);border-bottom:2px solid rgba(255,255,255,0.8);border-left:2px solid rgba(255,255,255,0.8);inset:6px;}.wp-block-kadence-imageoverlay.kt-img-overlay_a5eb32-4b .kt-image-overlay-message .image-overlay-title{color:var(--global-palette9, #ffffff);background:rgba(0, 0, 0, 0);padding-top:5px;padding-right:5px;padding-bottom:5px;padding-left:5px;margin-top:0px;margin-right:0px;margin-bottom:0px;margin-left:0px;font-size:51px;text-transform:capitalize;font-weight:regular;font-style:normal;}.kt-img-overlay_a5eb32-4b .kt-image-overlay-divider{border-top-color:#fff;border-top-width:1px;width:80%;border-top-style:none;}.wp-block-kadence-imageoverlay.kt-img-overlay_a5eb32-4b .kt-image-overlay-message .image-overlay-subtitle{color:#fff;background:rgba(0, 0, 0, 0);padding-top:5px;padding-right:5px;padding-bottom:5px;padding-left:5px;margin-top:0px;margin-right:0px;margin-bottom:0px;margin-left:0px;font-weight:regular;font-style:normal;}@media all and (max-width: 1024px){.kt-img-overlay_a5eb32-4b .kt-image-overlay-wrap{max-width:1111px;}}@media all and (max-width: 1024px){.kt-img-overlay_a5eb32-4b .kt-image-overlay-message{border-top:2px solid rgba(255,255,255,0.8);border-right:2px solid rgba(255,255,255,0.8);border-bottom:2px solid rgba(255,255,255,0.8);border-left:2px solid rgba(255,255,255,0.8);}}@media all and (max-width: 767px){.kt-img-overlay_a5eb32-4b .kt-image-overlay-wrap{max-width:1111px;}.kt-img-overlay_a5eb32-4b .kt-image-overlay-message{border-top:2px solid rgba(255,255,255,0.8);border-right:2px solid rgba(255,255,255,0.8);border-bottom:2px solid rgba(255,255,255,0.8);border-left:2px solid rgba(255,255,255,0.8);}}<\/style>\n<div class=\"wp-block-kadence-imageoverlay kt-img-overlay_a5eb32-4b aligncenter\" data-aos=\"zoom-in\"><div class=\"kt-image-overlay-wrap kt-over-image-zoomin\"><div class=\"kt-block-intrisic kt-over-set-ratio\"><img loading=\"lazy\" decoding=\"async\" src=\"https:\/\/ironbridge-advisors.de\/wp-content\/uploads\/2023\/04\/Hockey-3.jpg\" alt=\"\" width=\"1111\" height=\"1151\" class=\"kt-img-overlay wp-image-2487\" srcset=\"https:\/\/ironbridge-advisors.de\/wp-content\/uploads\/2023\/04\/Hockey-3.jpg 1111w, https:\/\/ironbridge-advisors.de\/wp-content\/uploads\/2023\/04\/Hockey-3-290x300.jpg 290w, https:\/\/ironbridge-advisors.de\/wp-content\/uploads\/2023\/04\/Hockey-3-988x1024.jpg 988w, https:\/\/ironbridge-advisors.de\/wp-content\/uploads\/2023\/04\/Hockey-3-768x796.jpg 768w, https:\/\/ironbridge-advisors.de\/wp-content\/uploads\/2023\/04\/Hockey-3-12x12.jpg 12w\" sizes=\"auto, (max-width: 1111px) 100vw, 1111px\" \/><div class=\"kt-image-overlay-color-wrapper\" style=\"opacity:0\"><div class=\"kt-image-overlay-color\" style=\"background-color:#e76106;opacity:0.6\"><\/div><\/div><a href=\"https:\/\/ironbridge-advisors.de\/sport\/\" class=\"kt-imageoverlay-link\"><div class=\"kt-image-overlay-message kt-over-substyle-hidden_below kt-over-valign-center kt-over-halign-center\" style=\"border-color:var(--global-palette9);border-width:3px;left:6px;right:6px;bottom:6px;top:6px\"><div class=\"kt-image-overlay-inner\"><h3 class=\"image-overlay-title\" style=\"color:var(--global-palette9);background:rgba(0, 0, 0, 0);padding:5px 5px 5px 5px;margin:0px 0px 0px 0px\">Sport<\/h3><h5 class=\"image-overlay-subtitle\" style=\"color:#fff;background:rgba(0, 0, 0, 0);padding:5px 5px 5px 5px;margin:0px 0px 0px 0px\"><\/h5><\/div><\/div><\/a><\/div><\/div><\/div>\n<\/div><\/div>\n\n\n<style>.kadence-column_9e0b50-b7 > .kt-inside-inner-col,.kadence-column_9e0b50-b7 > .kt-inside-inner-col:before{border-top-left-radius:0px;border-top-right-radius:0px;border-bottom-right-radius:0px;border-bottom-left-radius:0px;}.kadence-column_9e0b50-b7 > .kt-inside-inner-col{column-gap:var(--global-kb-gap-sm, 1rem);}.kadence-column_9e0b50-b7 > .kt-inside-inner-col{flex-direction:column;}.kadence-column_9e0b50-b7 > .kt-inside-inner-col > .aligncenter{width:100%;}.kadence-column_9e0b50-b7 > .kt-inside-inner-col:before{opacity:0.3;}.kadence-column_9e0b50-b7{position:relative;}.kadence-column_9e0b50-b7, .kt-inside-inner-col > .kadence-column_9e0b50-b7:not(.specificity){margin-top:-120px;}@media all and (max-width: 1024px){.kadence-column_9e0b50-b7 > .kt-inside-inner-col{flex-direction:column;justify-content:center;}}@media all and (max-width: 767px){.kadence-column_9e0b50-b7 > .kt-inside-inner-col{flex-direction:column;justify-content:center;}}<\/style>\n<div class=\"wp-block-kadence-column kadence-column_9e0b50-b7\"><div class=\"kt-inside-inner-col\"><style>.kt-img-overlay_99bb52-13{max-width:660px;width:100%;}.kb-section-dir-horizontal > .kt-inside-inner-col > .kt-img-overlay_99bb52-13{margin-left:unset;margin-right:unset;}.kt-img-overlay_99bb52-13 .kt-image-overlay-wrap .kt-block-intrisic{padding-bottom:100%;}.kt-img-overlay_99bb52-13 .kt-image-overlay-wrap:has(:focus-visible) .kt-image-overlay-color-wrapper{opacity:1 !important;}.kt-img-overlay_99bb52-13 .kt-image-overlay-wrap:hover .kt-image-overlay-color-wrapper{opacity:1 !important;}.kt-img-overlay_99bb52-13 .kt-image-overlay-color{background-color:#B75500;opacity:0.6;}.kt-img-overlay_99bb52-13 .kt-image-overlay-message{border-top:2px solid rgba(255,255,255,0.8);border-right:2px solid rgba(255,255,255,0.8);border-bottom:2px solid rgba(255,255,255,0.8);border-left:2px solid rgba(255,255,255,0.8);inset:10px;}.wp-block-kadence-imageoverlay.kt-img-overlay_99bb52-13 .kt-image-overlay-message .image-overlay-title{color:#fff;background:rgba(0, 0, 0, 0);padding-top:5px;padding-right:5px;padding-bottom:5px;padding-left:5px;margin-top:0px;margin-right:0px;margin-bottom:0px;margin-left:0px;font-weight:regular;font-style:normal;}.kt-img-overlay_99bb52-13 .kt-image-overlay-divider{border-top-color:#fff;border-top-width:1px;width:80%;border-top-style:none;}.wp-block-kadence-imageoverlay.kt-img-overlay_99bb52-13 .kt-image-overlay-message .image-overlay-subtitle{color:#fff;background:rgba(0, 0, 0, 0);padding-top:5px;padding-right:5px;padding-bottom:5px;padding-left:5px;margin-top:0px;margin-right:0px;margin-bottom:0px;margin-left:0px;font-weight:regular;font-style:normal;}@media all and (max-width: 1024px){.kt-img-overlay_99bb52-13 .kt-image-overlay-wrap{max-width:1920px;}}@media all and (max-width: 1024px){.kt-img-overlay_99bb52-13 .kt-image-overlay-message{border-top:2px solid rgba(255,255,255,0.8);border-right:2px solid rgba(255,255,255,0.8);border-bottom:2px solid rgba(255,255,255,0.8);border-left:2px solid rgba(255,255,255,0.8);}}@media all and (max-width: 767px){.kt-img-overlay_99bb52-13 .kt-image-overlay-wrap{max-width:1920px;}.kt-img-overlay_99bb52-13 .kt-image-overlay-message{border-top:2px solid rgba(255,255,255,0.8);border-right:2px solid rgba(255,255,255,0.8);border-bottom:2px solid rgba(255,255,255,0.8);border-left:2px solid rgba(255,255,255,0.8);}}<\/style>\n<div class=\"wp-block-kadence-imageoverlay kt-img-overlay_99bb52-13 aligncenter\" data-aos=\"zoom-in\"><div class=\"kt-image-overlay-wrap kt-over-image-zoomin\"><div class=\"kt-block-intrisic kt-over-set-ratio\"><img loading=\"lazy\" decoding=\"async\" src=\"https:\/\/ironbridge-advisors.de\/wp-content\/uploads\/2023\/04\/Kunst_komp.jpg\" alt=\"\" width=\"1920\" height=\"1920\" class=\"kt-img-overlay wp-image-2495\" srcset=\"https:\/\/ironbridge-advisors.de\/wp-content\/uploads\/2023\/04\/Kunst_komp.jpg 1920w, https:\/\/ironbridge-advisors.de\/wp-content\/uploads\/2023\/04\/Kunst_komp-300x300.jpg 300w, https:\/\/ironbridge-advisors.de\/wp-content\/uploads\/2023\/04\/Kunst_komp-1024x1024.jpg 1024w, https:\/\/ironbridge-advisors.de\/wp-content\/uploads\/2023\/04\/Kunst_komp-150x150.jpg 150w, https:\/\/ironbridge-advisors.de\/wp-content\/uploads\/2023\/04\/Kunst_komp-768x768.jpg 768w, https:\/\/ironbridge-advisors.de\/wp-content\/uploads\/2023\/04\/Kunst_komp-1536x1536.jpg 1536w, https:\/\/ironbridge-advisors.de\/wp-content\/uploads\/2023\/04\/Kunst_komp-12x12.jpg 12w\" sizes=\"auto, (max-width: 1920px) 100vw, 1920px\" \/><div class=\"kt-image-overlay-color-wrapper\" style=\"opacity:0\"><div class=\"kt-image-overlay-color\" style=\"background-color:#e76106;opacity:0.6\"><\/div><\/div><span class=\"kt-imageoverlay-link\"><div class=\"kt-image-overlay-message kt-over-substyle-hidden_below kt-over-valign-center kt-over-halign-center\" style=\"border-color:rgba(255, 255, 255, 0.8);border-width:2px;left:10px;right:10px;bottom:10px;top:10px\"><div class=\"kt-image-overlay-inner\"><h2 class=\"image-overlay-title\" style=\"color:#fff;background:rgba(0, 0, 0, 0);padding:5px 5px 5px 5px;margin:0px 0px 0px 0px\">Kunst &amp; Kultur<\/h2><h5 class=\"image-overlay-subtitle\" style=\"color:#fff;background:rgba(0, 0, 0, 0);padding:5px 5px 5px 5px;margin:0px 0px 0px 0px\"><\/h5><\/div><\/div><\/span><\/div><\/div><\/div>\n<\/div><\/div>\n\n<\/div><\/div>","protected":false},"excerpt":{"rendered":"<p>Etwas zur\u00fcckzugeben ist f\u00fcr uns selbstverst\u00e4ndlich! Wir engagieren uns in den Bereichen<\/p>","protected":false},"author":1,"featured_media":0,"parent":0,"menu_order":0,"comment_status":"closed","ping_status":"closed","template":"","meta":{"_kad_blocks_custom_css":"","_kad_blocks_head_custom_js":"","_kad_blocks_body_custom_js":"","_kad_blocks_footer_custom_js":"","_kadence_starter_templates_imported_post":false,"_kad_post_transparent":"","_kad_post_title":"","_kad_post_layout":"","_kad_post_sidebar_id":"","_kad_post_content_style":"","_kad_post_vertical_padding":"","_kad_post_feature":"","_kad_post_feature_position":"","_kad_post_header":false,"_kad_post_footer":false,"_kad_post_classname":"","footnotes":""},"class_list":["post-237","page","type-page","status-publish","hentry"],"aioseo_notices":[],"taxonomy_info":[],"featured_image_src_large":false,"author_info":{"display_name":"Eric Jungblut","author_link":"https:\/\/ironbridge-advisors.de\/en\/author\/admin\/"},"comment_info":0,"_links":{"self":[{"href":"https:\/\/ironbridge-advisors.de\/en\/wp-json\/wp\/v2\/pages\/237","targetHints":{"allow":["GET"]}}],"collection":[{"href":"https:\/\/ironbridge-advisors.de\/en\/wp-json\/wp\/v2\/pages"}],"about":[{"href":"https:\/\/ironbridge-advisors.de\/en\/wp-json\/wp\/v2\/types\/page"}],"author":[{"embeddable":true,"href":"https:\/\/ironbridge-advisors.de\/en\/wp-json\/wp\/v2\/users\/1"}],"replies":[{"embeddable":true,"href":"https:\/\/ironbridge-advisors.de\/en\/wp-json\/wp\/v2\/comments?post=237"}],"version-history":[{"count":7,"href":"https:\/\/ironbridge-advisors.de\/en\/wp-json\/wp\/v2\/pages\/237\/revisions"}],"predecessor-version":[{"id":2502,"href":"https:\/\/ironbridge-advisors.de\/en\/wp-json\/wp\/v2\/pages\/237\/revisions\/2502"}],"wp:attachment":[{"href":"https:\/\/ironbridge-advisors.de\/en\/wp-json\/wp\/v2\/media?parent=237"}],"curies":[{"name":"wp","href":"https:\/\/api.w.org\/{rel}","templated":true}]}}