{"id":769,"date":"2023-03-06T18:23:04","date_gmt":"2023-03-06T17:23:04","guid":{"rendered":"https:\/\/ironbridge-advisors.de\/?page_id=769"},"modified":"2023-04-25T12:39:48","modified_gmt":"2023-04-25T10:39:48","slug":"fuer-manager","status":"publish","type":"page","link":"https:\/\/ironbridge-advisors.de\/en\/fuer-manager\/","title":{"rendered":"Der MBO\/MBI als Karriereturbo f\u00fcr erfolgreiche Manager"},"content":{"rendered":"<style>.kb-row-layout-id_5b6832-66 > .kt-row-column-wrap{align-content:start;}:where(.kb-row-layout-id_5b6832-66 > .kt-row-column-wrap) > .wp-block-kadence-column{justify-content:start;}.kb-row-layout-id_5b6832-66 > .kt-row-column-wrap{column-gap:var(--global-kb-gap-md, 2rem);row-gap:var(--global-kb-gap-md, 2rem);padding-top:var(--global-kb-spacing-xl, 4rem);padding-bottom:var(--global-kb-spacing-3xl, 6.5rem);grid-template-columns:minmax(0, 1fr);}.kb-row-layout-id_5b6832-66{background-image:url('https:\/\/ironbridge-advisors.de\/wp-content\/uploads\/2023\/04\/Schnell-2-scaled.jpg');background-size:cover;background-position:79% 60%;background-attachment:scroll;background-repeat:no-repeat;}.kb-row-layout-id_5b6832-66 > .kt-row-layout-overlay{opacity:0.30;}@media all and (max-width: 1024px){.kb-row-layout-id_5b6832-66 > .kt-row-column-wrap{grid-template-columns:minmax(0, 1fr);}}@media all and (max-width: 767px){.kb-row-layout-id_5b6832-66 > .kt-row-column-wrap{grid-template-columns:minmax(0, 1fr);}}<\/style><div class=\"kb-row-layout-wrap kb-row-layout-id_5b6832-66 alignfull kt-row-has-bg wp-block-kadence-rowlayout\"><div class=\"kt-row-column-wrap kt-has-1-columns kt-row-layout-equal kt-tab-layout-inherit kt-mobile-layout-row kt-row-valign-top\">\n<style>.kadence-column_bddb51-9b > .kt-inside-inner-col,.kadence-column_bddb51-9b > .kt-inside-inner-col:before{border-top-left-radius:0px;border-top-right-radius:0px;border-bottom-right-radius:0px;border-bottom-left-radius:0px;}.kadence-column_bddb51-9b > .kt-inside-inner-col{column-gap:var(--global-kb-gap-sm, 1rem);}.kadence-column_bddb51-9b > .kt-inside-inner-col{flex-direction:column;}.kadence-column_bddb51-9b > .kt-inside-inner-col > .aligncenter{width:100%;}.kadence-column_bddb51-9b > .kt-inside-inner-col:before{opacity:0.3;}.kadence-column_bddb51-9b{position:relative;}@media all and (max-width: 1024px){.kadence-column_bddb51-9b > .kt-inside-inner-col{flex-direction:column;justify-content:center;}}@media all and (max-width: 767px){.kadence-column_bddb51-9b > .kt-inside-inner-col{flex-direction:column;justify-content:center;}}<\/style>\n<div class=\"wp-block-kadence-column kadence-column_bddb51-9b\"><div class=\"kt-inside-inner-col\"><\/div><\/div>\n\n<\/div><\/div>\n\n\n<h2 class=\"wp-block-heading has-text-align-center\">MBO und MBI als Karriereturbo <\/h2>\n\n\n<style>.wp-block-kadence-advancedheading.kt-adv-heading_e9b93e-47, .wp-block-kadence-advancedheading.kt-adv-heading_e9b93e-47[data-kb-block=\"kb-adv-heading_e9b93e-47\"]{font-style:normal;}.wp-block-kadence-advancedheading.kt-adv-heading_e9b93e-47 mark.kt-highlight, .wp-block-kadence-advancedheading.kt-adv-heading_e9b93e-47[data-kb-block=\"kb-adv-heading_e9b93e-47\"] mark.kt-highlight{font-style:normal;color:#f76a0c;-webkit-box-decoration-break:clone;box-decoration-break:clone;padding-top:0px;padding-right:0px;padding-bottom:0px;padding-left:0px;}.wp-block-kadence-advancedheading.kt-adv-heading_e9b93e-47 img.kb-inline-image, .wp-block-kadence-advancedheading.kt-adv-heading_e9b93e-47[data-kb-block=\"kb-adv-heading_e9b93e-47\"] img.kb-inline-image{width:150px;vertical-align:baseline;}<\/style>\n<p class=\"kt-adv-heading_e9b93e-47 wp-block-kadence-advancedheading\" data-kb-block=\"kb-adv-heading_e9b93e-47\">F\u00fcr Manager ist die M\u00f6glichkeit eines <a data-type=\"page\" data-id=\"680\" href=\"https:\/\/ironbridge-advisors.de\/680-2\/\">Management-Buy-out<\/a> oder auch eines <a data-type=\"page\" data-id=\"777\" href=\"https:\/\/ironbridge-advisors.de\/management-buy-in-mbi\/\">Management-Buy-in<\/a> eine h\u00f6chst attraktive Karriereoption. Das Instrument MBO\/MBI bietet die M\u00f6glichkeit den Schritt vom Angestellten zum Unternehmer zu machen, ohne ein neues Unternehmen zu gr\u00fcnden. Dadurch reduziert sich das Risiko des unternehmerischen Scheiterns, was gerade in der Anfangsphase eines Unternehmens vergleichsweise hoch ist, erheblich. <br><br>Demgegen\u00fcber steht der erhebliche Kapitalbedarf der notwendig ist, um ein bestehendes, etabliertes Unternehmen zu erwerben. Nur in seltenen F\u00e4llen wird das Management \u00fcber hinreichend eigenen finanzielle Ressourcen verf\u00fcgen, um, den notwendigen Kaufpreis aus eigener Kraft zu stemmen. Die meisten MBO und MBI finden daher in Zusammenspiel mit einer <a href=\"https:\/\/ironbridge-advisors.de\/beteiligungsgesellschaften\/\" title=\"\">Beteiligungsgesellschaft<\/a> (&#8222;Private Equity&#8220;) statt, die den Gro\u00dfteil des ben\u00f6tigten Eigenkapitals zur Verf\u00fcgung stellt. Die Einbindung einer Beteiligungsgesellschaft hat aus Sicht des Management noch weitere Vorteile. Zum einen fehlt es operativen Managern meist an Erfahrung einen Unternehmenskauf umzusetzen. Zum anderen ist auch die Organisation des f\u00fcr den Kauf notwendigen Fremdkapitals f\u00fcr die meisten Manager eher schwierig. Auf beiden Gebieten verf\u00fcgen Beteiligungsgesellschaften \u00fcber die notwendige Erfahrung.  <\/p>\n\n\n<style>.wp-block-kadence-advancedheading.kt-adv-heading_876a4b-35, .wp-block-kadence-advancedheading.kt-adv-heading_876a4b-35[data-kb-block=\"kb-adv-heading_876a4b-35\"]{font-style:normal;}.wp-block-kadence-advancedheading.kt-adv-heading_876a4b-35 mark.kt-highlight, .wp-block-kadence-advancedheading.kt-adv-heading_876a4b-35[data-kb-block=\"kb-adv-heading_876a4b-35\"] mark.kt-highlight{font-style:normal;color:#f76a0c;-webkit-box-decoration-break:clone;box-decoration-break:clone;padding-top:0px;padding-right:0px;padding-bottom:0px;padding-left:0px;}.wp-block-kadence-advancedheading.kt-adv-heading_876a4b-35 img.kb-inline-image, .wp-block-kadence-advancedheading.kt-adv-heading_876a4b-35[data-kb-block=\"kb-adv-heading_876a4b-35\"] img.kb-inline-image{width:150px;vertical-align:baseline;}<\/style>\n<p class=\"kt-adv-heading_876a4b-35 wp-block-kadence-advancedheading\" data-kb-block=\"kb-adv-heading_876a4b-35\">Die Beteiligung des Managements am Kapital der Gesellschaft geh\u00f6rt zu den Kernelementen des Gesch\u00e4ftsmodells von Beteiligungsgesellschaften. Diese streben in der Mehrzahl keine eigene Rolle in der operativen Gesch\u00e4ftsf\u00fchrung an, sondern \u00fcberlassen diese meist vollumf\u00e4nglich dem Management.  Damit ist die Unabh\u00e4ngigkeit der Gesch\u00e4ftsf\u00fchrung im Rahmen eines solchen Models sehr hoch. Aus Sicht der Beteiligungsgesellschaft schafft die Beteiligung des Managements am Unternehmen einen wirtschaftlichen Interessengleichheit zwischen Mehrheitsgesellschafter (Beteiligungsgesellschaft) und Management. Folglich wird im Rahmen des MBO\/MBI das  sogenannten Prinzipal-Agent-Konflikt \u00fcberwunden.  <\/p>\n\n\n<style>.wp-block-kadence-advancedheading.kt-adv-heading_c0d4f5-0a, .wp-block-kadence-advancedheading.kt-adv-heading_c0d4f5-0a[data-kb-block=\"kb-adv-heading_c0d4f5-0a\"]{font-style:normal;}.wp-block-kadence-advancedheading.kt-adv-heading_c0d4f5-0a mark.kt-highlight, .wp-block-kadence-advancedheading.kt-adv-heading_c0d4f5-0a[data-kb-block=\"kb-adv-heading_c0d4f5-0a\"] mark.kt-highlight{font-style:normal;color:#f76a0c;-webkit-box-decoration-break:clone;box-decoration-break:clone;padding-top:0px;padding-right:0px;padding-bottom:0px;padding-left:0px;}.wp-block-kadence-advancedheading.kt-adv-heading_c0d4f5-0a img.kb-inline-image, .wp-block-kadence-advancedheading.kt-adv-heading_c0d4f5-0a[data-kb-block=\"kb-adv-heading_c0d4f5-0a\"] img.kb-inline-image{width:150px;vertical-align:baseline;}<\/style>\n<p class=\"kt-adv-heading_c0d4f5-0a wp-block-kadence-advancedheading\" data-kb-block=\"kb-adv-heading_c0d4f5-0a\">Die Bereitschaft des Managements mit in das unternehmerische Risiko zu gehen, honorieren Beteiligungsgesellschaften in der Regel mit sehr gro\u00dfz\u00fcgigen Beteiligungskonditionen, die es den Managern erlauben mit einem angemessenen Kapitaleinsatz \u00fcberproportional am Gesch\u00e4ftserfolg zu partizipieren. Ein erfolgreicher MBO ist daher auch aus finanzieller Sicht h\u00f6chst attraktiv. <\/p>\n\n\n<style>.wp-block-kadence-column.kb-section-dir-horizontal > .kt-inside-inner-col > .kt-info-box_01047f-3b{max-width:2000px;}.wp-block-kadence-column.kb-section-dir-horizontal > .kt-inside-inner-col > .kt-info-box_01047f-3b .kt-blocks-info-box-link-wrap{max-width:unset;}.kt-info-box_01047f-3b .kt-blocks-info-box-link-wrap{border-top-left-radius:25px;border-top-right-radius:25px;border-bottom-right-radius:25px;border-bottom-left-radius:25px;background:var(--global-palette5, #4A5568);max-width:2000px;padding-top:var(--global-kb-spacing-xs, 1rem);padding-right:0px;padding-bottom:var(--global-kb-spacing-xs, 1rem);padding-left:var(--global-kb-spacing-xs, 1rem);margin-right:var(--global-kb-spacing-4xl, 8rem);margin-left:var(--global-kb-spacing-4xl, 8rem);}.kt-info-box_01047f-3b .kt-blocks-info-box-link-wrap:hover{background:var(--global-palette6, #718096);}.kt-info-box_01047f-3b.wp-block-kadence-infobox{max-width:100%;}.kt-info-box_01047f-3b .kadence-info-box-image-inner-intrisic-container{max-width:68px;}.kt-info-box_01047f-3b .kadence-info-box-image-inner-intrisic-container .kadence-info-box-image-intrisic{padding-bottom:100%;width:512px;height:0px;max-width:100%;}.kt-info-box_01047f-3b .kadence-info-box-icon-container .kt-info-svg-icon, .kt-info-box_01047f-3b .kt-info-svg-icon-flip, .kt-info-box_01047f-3b .kt-blocks-info-box-number{font-size:50px;}.kt-info-box_01047f-3b .kt-blocks-info-box-media{border-radius:11px;overflow:hidden;border-top-width:0px;border-right-width:0px;border-bottom-width:0px;border-left-width:0px;padding-top:0px;padding-right:0px;padding-bottom:0px;padding-left:0px;}.kt-info-box_01047f-3b .kt-blocks-info-box-media-container{margin-top:0px;margin-right:15px;margin-bottom:0px;margin-left:15px;}.kt-info-box_01047f-3b .kt-infobox-textcontent h2.kt-blocks-info-box-title{padding-top:0px;padding-right:0px;padding-bottom:0px;padding-left:0px;margin-top:5px;margin-right:0px;margin-bottom:10px;margin-left:0px;}.kt-info-box_01047f-3b .kt-blocks-info-box-link-wrap:hover h2.kt-blocks-info-box-title{color:var(--global-palette9, #ffffff);}.kt-info-box_01047f-3b .kt-infobox-textcontent .kt-blocks-info-box-text{color:var(--global-palette9, #ffffff);}.kt-info-box_01047f-3b .kt-blocks-info-box-link-wrap:hover .kt-blocks-info-box-text{color:var(--global-palette9, #ffffff);}.kt-info-box_01047f-3b .kt-blocks-info-box-learnmore{background:transparent;border-width:0px 0px 0px 0px;padding-top:4px;padding-right:8px;padding-bottom:4px;padding-left:8px;margin-top:10px;margin-right:0px;margin-bottom:10px;margin-left:0px;}@media all and (max-width: 767px){.wp-block-kadence-column.kb-section-dir-horizontal > .kt-inside-inner-col > .kt-info-box_01047f-3b{max-width:903px;}.kt-info-box_01047f-3b .kt-blocks-info-box-link-wrap{max-width:903px;margin-right:1px;margin-left:1px;}}<\/style>\n<div class=\"wp-block-kadence-infobox kt-info-box_01047f-3b\"><a class=\"kt-blocks-info-box-link-wrap info-box-link kt-blocks-info-box-media-align-top kt-info-halign-center\" href=\"https:\/\/ironbridge-advisors.de\/kontakt\/\"><div class=\"kt-blocks-info-box-media-container\"><div class=\"kt-blocks-info-box-media kt-info-media-animate-none\"><div class=\"kadence-info-box-image-inner-intrisic-container\"><div class=\"kadence-info-box-image-intrisic kt-info-animate-none\"><div class=\"kadence-info-box-image-inner-intrisic\"><img loading=\"lazy\" decoding=\"async\" src=\"https:\/\/ironbridge-advisors.de\/wp-content\/uploads\/2023\/03\/Wordpress-Transparent-1.png\" alt=\"\" width=\"512\" height=\"512\" class=\"kt-info-box-image wp-image-2106\" srcset=\"https:\/\/ironbridge-advisors.de\/wp-content\/uploads\/2023\/03\/Wordpress-Transparent-1.png 512w, https:\/\/ironbridge-advisors.de\/wp-content\/uploads\/2023\/03\/Wordpress-Transparent-1-300x300.png 300w, https:\/\/ironbridge-advisors.de\/wp-content\/uploads\/2023\/03\/Wordpress-Transparent-1-150x150.png 150w, https:\/\/ironbridge-advisors.de\/wp-content\/uploads\/2023\/03\/Wordpress-Transparent-1-12x12.png 12w\" sizes=\"auto, (max-width: 512px) 100vw, 512px\" \/><\/div><\/div><\/div><\/div><\/div><div class=\"kt-infobox-textcontent\"><h2 class=\"kt-blocks-info-box-title\">Chance MBO\/MBI<\/h2><p class=\"kt-blocks-info-box-text\">Haben wir Ihr Interesse an den M\u00f6glichkeiten eines MBO oder MBI geweckt? Sprechen Sie uns gerne an. Wir erl\u00e4utern Ihnen gerne markttypische Beteiligungsmodelle. <\/p><\/div><\/a><\/div>\n\n\n\n<div style=\"height:43px\" aria-hidden=\"true\" class=\"wp-block-spacer\"><\/div>\n\n\n<style>.wp-block-kadence-advancedheading.kt-adv-heading_938882-69, .wp-block-kadence-advancedheading.kt-adv-heading_938882-69[data-kb-block=\"kb-adv-heading_938882-69\"]{font-style:normal;}.wp-block-kadence-advancedheading.kt-adv-heading_938882-69 mark.kt-highlight, .wp-block-kadence-advancedheading.kt-adv-heading_938882-69[data-kb-block=\"kb-adv-heading_938882-69\"] mark.kt-highlight{font-style:normal;color:#f76a0c;-webkit-box-decoration-break:clone;box-decoration-break:clone;padding-top:0px;padding-right:0px;padding-bottom:0px;padding-left:0px;}.wp-block-kadence-advancedheading.kt-adv-heading_938882-69 img.kb-inline-image, .wp-block-kadence-advancedheading.kt-adv-heading_938882-69[data-kb-block=\"kb-adv-heading_938882-69\"] img.kb-inline-image{width:150px;vertical-align:baseline;}<\/style>\n<p class=\"kt-adv-heading_938882-69 wp-block-kadence-advancedheading\" data-kb-block=\"kb-adv-heading_938882-69\">Erfahrene MBO und MBI Manager werden auf dem Arbeitsmarkt stark gesucht, so dass ein erfolgreicher MBO\/MBI nicht nur finanziell sehr reizvoll sein kann, sondern auch ein Karriere-Turbo bedeuten kann. <\/p>\n\n\n<style>.kb-row-layout-id_ee9781-fd > .kt-row-column-wrap{align-content:start;}:where(.kb-row-layout-id_ee9781-fd > .kt-row-column-wrap) > .wp-block-kadence-column{justify-content:start;}.kb-row-layout-id_ee9781-fd > .kt-row-column-wrap{column-gap:var(--global-kb-gap-md, 2rem);row-gap:var(--global-kb-gap-md, 2rem);padding-top:var(--global-kb-spacing-xxl, 5rem);padding-bottom:var(--global-kb-spacing-xxl, 5rem);grid-template-columns:minmax(0, 1fr);}.kb-row-layout-id_ee9781-fd{background-image:url('https:\/\/ironbridge-advisors.de\/wp-content\/uploads\/2023\/03\/racing-g5e846b644_1920.jpg');background-size:cover;background-position:center center;background-attachment:scroll;background-repeat:no-repeat;}.kb-row-layout-id_ee9781-fd > .kt-row-layout-overlay{opacity:0.30;}@media all and (max-width: 1024px){.kb-row-layout-id_ee9781-fd > .kt-row-column-wrap{grid-template-columns:minmax(0, 1fr);}}@media all and (max-width: 767px){.kb-row-layout-id_ee9781-fd > .kt-row-column-wrap{grid-template-columns:minmax(0, 1fr);}}<\/style><div class=\"kb-row-layout-wrap kb-row-layout-id_ee9781-fd alignfull kt-row-has-bg wp-block-kadence-rowlayout\"><div class=\"kt-row-column-wrap kt-has-1-columns kt-row-layout-equal kt-tab-layout-inherit kt-mobile-layout-row kt-row-valign-top\">\n<style>.kadence-column_13b47b-9c > .kt-inside-inner-col,.kadence-column_13b47b-9c > .kt-inside-inner-col:before{border-top-left-radius:0px;border-top-right-radius:0px;border-bottom-right-radius:0px;border-bottom-left-radius:0px;}.kadence-column_13b47b-9c > .kt-inside-inner-col{column-gap:var(--global-kb-gap-sm, 1rem);}.kadence-column_13b47b-9c > .kt-inside-inner-col{flex-direction:column;}.kadence-column_13b47b-9c > .kt-inside-inner-col > .aligncenter{width:100%;}.kadence-column_13b47b-9c > .kt-inside-inner-col:before{opacity:0.3;}.kadence-column_13b47b-9c{position:relative;}@media all and (max-width: 1024px){.kadence-column_13b47b-9c > .kt-inside-inner-col{flex-direction:column;justify-content:center;}}@media all and (max-width: 767px){.kadence-column_13b47b-9c > .kt-inside-inner-col{flex-direction:column;justify-content:center;}}<\/style>\n<div class=\"wp-block-kadence-column kadence-column_13b47b-9c\"><div class=\"kt-inside-inner-col\"><\/div><\/div>\n\n<\/div><\/div>","protected":false},"excerpt":{"rendered":"<p>MBO und MBI als Karriereturbo F\u00fcr Manager ist die M\u00f6glichkeit eines Management-Buy-out oder auch eines Management-Buy-in eine h\u00f6chst attraktive Karriereoption. Das Instrument MBO\/MBI bietet die M\u00f6glichkeit den Schritt vom Angestellten&#8230;<\/p>","protected":false},"author":1,"featured_media":0,"parent":0,"menu_order":0,"comment_status":"closed","ping_status":"closed","template":"","meta":{"_kad_blocks_custom_css":"","_kad_blocks_head_custom_js":"","_kad_blocks_body_custom_js":"","_kad_blocks_footer_custom_js":"","_kadence_starter_templates_imported_post":false,"_kad_post_transparent":"","_kad_post_title":"hide","_kad_post_layout":"","_kad_post_sidebar_id":"","_kad_post_content_style":"","_kad_post_vertical_padding":"","_kad_post_feature":"","_kad_post_feature_position":"","_kad_post_header":false,"_kad_post_footer":false,"_kad_post_classname":"","footnotes":""},"class_list":["post-769","page","type-page","status-publish","hentry"],"aioseo_notices":[],"taxonomy_info":[],"featured_image_src_large":false,"author_info":{"display_name":"Eric Jungblut","author_link":"https:\/\/ironbridge-advisors.de\/en\/author\/admin\/"},"comment_info":0,"_links":{"self":[{"href":"https:\/\/ironbridge-advisors.de\/en\/wp-json\/wp\/v2\/pages\/769","targetHints":{"allow":["GET"]}}],"collection":[{"href":"https:\/\/ironbridge-advisors.de\/en\/wp-json\/wp\/v2\/pages"}],"about":[{"href":"https:\/\/ironbridge-advisors.de\/en\/wp-json\/wp\/v2\/types\/page"}],"author":[{"embeddable":true,"href":"https:\/\/ironbridge-advisors.de\/en\/wp-json\/wp\/v2\/users\/1"}],"replies":[{"embeddable":true,"href":"https:\/\/ironbridge-advisors.de\/en\/wp-json\/wp\/v2\/comments?post=769"}],"version-history":[{"count":18,"href":"https:\/\/ironbridge-advisors.de\/en\/wp-json\/wp\/v2\/pages\/769\/revisions"}],"predecessor-version":[{"id":2823,"href":"https:\/\/ironbridge-advisors.de\/en\/wp-json\/wp\/v2\/pages\/769\/revisions\/2823"}],"wp:attachment":[{"href":"https:\/\/ironbridge-advisors.de\/en\/wp-json\/wp\/v2\/media?parent=769"}],"curies":[{"name":"wp","href":"https:\/\/api.w.org\/{rel}","templated":true}]}}